{"id":3,"date":"2023-10-05T16:11:53","date_gmt":"2023-10-05T14:11:53","guid":{"rendered":"https:\/\/caletasuites.com\/?page_id=3"},"modified":"2025-03-19T17:33:36","modified_gmt":"2025-03-19T16:33:36","slug":"politica-de-privacidad","status":"publish","type":"page","link":"https:\/\/caletasuitestenerife.com\/es\/politica-de-privacidad\/","title":{"rendered":"Pol\u00edtica de privacidad"},"content":{"rendered":"\t\t<div data-elementor-type=\"wp-page\" data-elementor-id=\"3\" class=\"elementor elementor-3\" data-elementor-post-type=\"page\">\n\t\t\t\t<div class=\"elementor-element elementor-element-d4c2b0f e-flex e-con-boxed e-con e-parent\" data-id=\"d4c2b0f\" data-element_type=\"container\" data-e-type=\"container\">\n\t\t\t\t\t<div class=\"e-con-inner\">\n\t\t\t\t<div class=\"elementor-element elementor-element-cd1991d elementor-widget elementor-widget-heading\" data-id=\"cd1991d\" data-element_type=\"widget\" data-e-type=\"widget\" data-widget_type=\"heading.default\">\n\t\t\t\t<div class=\"elementor-widget-container\">\n\t\t\t\t\t<h1 class=\"elementor-heading-title elementor-size-default\">POLITICA DE PRIVACIDAD<\/h1>\t\t\t\t<\/div>\n\t\t\t\t<\/div>\n\t\t\t\t<div class=\"elementor-element elementor-element-4dfa52a elementor-widget elementor-widget-text-editor\" data-id=\"4dfa52a\" data-element_type=\"widget\" data-e-type=\"widget\" data-widget_type=\"text-editor.default\">\n\t\t\t\t<div class=\"elementor-widget-container\">\n\t\t\t\t\t\t\t\t\t<p><strong> INFORMACI\u00d3N DE CONTACTO<\/strong><\/p><p>Responsable del Tratamiento: TUR\u00cdSTICA KONRAD, S.L. (en adelante, <strong>\u201cCaleta Suites\u201d<\/strong>)<br \/>CIF: B38333985 Domicilio de contacto: C\/ El Sauce N.\u00ba 1, Portal 1, URB. El Madro\u00f1al, Fa\u00f1ab\u00e9, 38660 Adeje &#8211; S\/ C de Tenerife, Espa\u00f1a<br \/>Correo electr\u00f3nico DPO: <a href=\"mailto:lopd@caletasuites.com\">lopd@caletasuites.com<\/a><\/p><p><strong> PRINCIPIO DE INFORMACI\u00d3N<\/strong><\/p><p>A continuaci\u00f3n, se detalla cada uno de los tratamientos recogidos en la presente web <a href=\"https:\/\/caletasuites.com\/\">https:\/\/caletasuites.com\/<\/a> (en adelante, <strong>\u201cWeb\u201d<\/strong>):<\/p><p><strong> Finalidad<\/strong>: Los datos de car\u00e1cter personal facilitados por medio de la presente Web ser\u00e1n utilizados para la siguiente finalidad:<\/p><ul><li><strong>Solicitud de informaci\u00f3n y consultas:<\/strong> Gesti\u00f3n de solicitudes, env\u00edo de informaci\u00f3n y comunicaciones sobre consultas realizadas por medio de correos electr\u00f3nicos y tel\u00e9fonos de contacto.<\/li><li><strong>Comunicaciones comerciales:<\/strong> Gesti\u00f3n de env\u00edo de comunicaciones comerciales sobre novedades, contenidos exclusivos, comunicaciones y ofertas especiales de Caleta Suites con la marcaci\u00f3n de la casilla correspondiente para el env\u00edo de comunicaciones comerciales.<\/li><li><strong>Reservas:<\/strong> Gesti\u00f3n de las reservas realizadas por los usuarios mediante la presente Web gestionada por Caleta Suites. M\u00e1s informaci\u00f3n sobre reservas en las Condiciones de Reservas publicadas en la presente Web.<\/li><li style=\"list-style-type: none;\"><span style=\"text-decoration: underline;\"><em><br \/>El Responsable del Tratamiento hace uso de la plataforma de pagos que cumplen con las garant\u00edas de seguridad estipuladas legalmente. Cualquier problema o mal funcionamiento con la plataforma de pago deber dirigirse a la misma Redsys, Stripe, AddonPayments, Posmy, Paypal, Mercado Pago, EasyPay, Flywire.<\/em><\/span><\/li><\/ul><p><strong> *Categor\u00eda de datos tratados:<\/strong> Los datos que podremos tratar para las finalidades descritas en la presente Pol\u00edtica de Privacidad son:<\/p><ul><li>Para el tratamiento de datos de <strong>solicitud de informaci\u00f3n y consultas<\/strong>:<br \/>&#8211; Nombre, Apellidos, E-mail.<\/li><li>Para el tratamiento de datos de <strong>env\u00edo de comunicaciones comerciales<\/strong>:<br \/>&#8211; Nombre, Apellidos, E-mail.<\/li><li>Para el tratamiento de datos de <strong>reservas<\/strong>:<br \/>&#8211; Nombre, Apellidos, Sexo, Documento de identidad (DNI, pasaporte, TIE), Nacionalidad, Direcci\u00f3n Postal \u2013 Localidad &#8211; Pa\u00eds, Tel\u00e9fono fijo\/m\u00f3vil, Fecha de \/71 Nacimiento, E-mail, relaci\u00f3n de parentesco entre los viajeros (en el caso de que alg\u00fan viajero sea menor de edad).<\/li><\/ul><p><span style=\"text-decoration: underline;\"><em> Los datos personales facilitados por nuestros usuarios deber\u00e1n ser adecuados, pertinentes y no excesivos en relaci\u00f3n al \u00e1mbito y a las finalidades determinadas, expl\u00edcitas y leg\u00edtimas para las que se hayan obtenido.<\/em><\/span><\/p><p><span style=\"text-decoration: underline;\"><em> El usuario ser\u00e1 el \u00fanico responsable de la veracidad y exactitud de los datos facilitados. El usuario responder\u00e1 personalmente frente a Caleta Suites frente a los afectados o interesados y ante la Agencia Espa\u00f1ola de Protecci\u00f3n de Datos en el caso de facilitar datos falsos o de terceras personas sin su consentimiento.<\/em><\/span><\/p><p><span style=\"text-decoration: underline;\"><em> Asimismo, se informa que los datos facilitados en los formularios de registro deber\u00e1n de cumplimentarse de forma voluntaria con la excepci\u00f3n de aquellos datos que aparezcan como obligatorios. De no ser facilitados los datos obligatorios requeridos, no se podr\u00e1 garantizar la gesti\u00f3n de la solicitud.<\/em><\/span><\/p><p><span style=\"text-decoration: underline;\"><em> El destinatario del servicio se compromete a comunicar a Caleta Suites los cambios que se produzcan en sus datos, de forma que respondan con veracidad a su situaci\u00f3n actual en todo momento.<\/em><\/span><\/p><p><strong> *Tratamiento de datos de menores:<\/strong> Caleta Suites no recoger\u00e1 datos de personas menores sin la autorizaci\u00f3n de su padre, madre o tutor legal. En el caso de que un menor de edad cumplimente los formularios de registro y no se acredite dicha autorizaci\u00f3n se proceder\u00e1 a la destrucci\u00f3n de la solicitud sin atender su contenido.<br \/><strong>Legitimaci\u00f3n:<\/strong> La base legal en el tratamiento de sus datos ser\u00e1:<\/p><ul><li>Para el tratamiento de datos de <b>solicitud de informaci\u00f3n y consultas<\/b>:<br \/>&#8211; Consentimiento expreso.<\/li><li>Para el tratamiento de datos de env\u00edo de <b>comunicaciones comerciales<\/b>:<br \/>&#8211; Consentimiento expreso.<\/li><li>Para el tratamiento de datos de <b>reservas<\/b>:<br \/>&#8211; Consentimiento expreso para la solicitud de reserva del alojamiento que haya gestionado y relaci\u00f3n precontractual\/contractual.<\/li><\/ul><p><span style=\"text-decoration: underline;\"><em>El consentimiento para el tratamiento de datos personales facilitados en los formularios de registro se entender\u00e1 prestado de forma expresa, libre e inequ\u00edvoca para las finalidades descritas, con la marcaci\u00f3n de las casillas que en ellos se especifiquen. En la recepci\u00f3n de correos electr\u00f3nicos y llamadas telef\u00f3nicas se entender\u00e1 el consentimiento prestado en aquello que haya solicitado el usuario.<\/em><\/span><\/p><p><strong><span style=\"text-decoration: underline;\"> BAJA COMUNICACIONES COMERCIALES<\/span>:<\/strong> Si no desea recibir informaci\u00f3n sobre los servicios que ofrecemos en Caleta Suites puede solicitar su baja enviando un correo con la palabra <strong>\u201cBAJA EN ENV\u00cdO DE COMUNICACIONES COMERCIALES\u201d<\/strong> a <a href=\"mailto:lopd@caletasuites.com\">lopd@caletasuites.com<\/a>.<\/p><p><strong> Plazo de conservaci\u00f3n:<\/strong> Sus datos ser\u00e1n almacenados durante los siguientes plazos:<\/p><ul><li>Para el tratamiento de datos de <strong>solicitud de informaci\u00f3n y consultas<\/strong>:<br \/>&#8211; Hasta la revocaci\u00f3n de su consentimiento.<\/li><li>Para el tratamiento de datos de <strong>comunicaciones comerciales<\/strong>:<br \/>&#8211; Hasta la revocaci\u00f3n de su consentimiento.<\/li><li>Para el tratamiento de datos de <strong>reservas<\/strong>:<br \/>&#8211; Ser\u00e1 de aplicaci\u00f3n lo dispuesto en el Real Decreto 933\/2021, de 26 de octubre, por el que se establecen las obligaciones de registro documental e informaci\u00f3n de las personas f\u00edsicas o jur\u00eddicas que ejercen actividades de hospedaje y alquiler de veh\u00edculos a motor.<\/li><\/ul><p><strong> Destinatarios:<\/strong><\/p><ul><li>Para el tratamiento de datos de <strong>solicitud de informaci\u00f3n y consultas<\/strong>:<br \/>&#8211; No se ceder\u00e1n datos a terceros, salvo obligaci\u00f3n legal.<\/li><li>Para el tratamiento de datos de env\u00edo de <strong>comunicaciones comerciales<\/strong>:<br \/>&#8211; No se ceder\u00e1n datos a terceros, salvo obligaci\u00f3n legal.<\/li><li>Para el tratamiento de datos de <strong>reservas<\/strong>:<br \/>&#8211; Organismo Competente de conformidad con el Real Decreto 933\/2021, de 26 de octubre, por el que se establecen las obligaciones de registro documental e informaci\u00f3n de las personas f\u00edsicas o jur\u00eddicas que ejercen actividades de hospedaje y alquiler de veh\u00edculos a motor. En el caso de proceder al pago a entidades bancarias. La informaci\u00f3n sobre Check In y Facturaci\u00f3n se encuentra en la Informaci\u00f3n Adicional de la presente Pol\u00edtica de Privacidad.<\/li><\/ul><p>No se ceder\u00e1n datos a otros terceros salvo obligaci\u00f3n legal. Si en el futuro Caleta Suites realizara otras cesiones de datos personales, informar\u00e1 oportunamente.<\/p><p><span style=\"text-decoration: underline;\"><strong> Alojamiento de datos y terceros con acceso a datos<\/strong><\/span><\/p><p>Esta p\u00e1gina web se encuentra hospedada en un servidor ubicado en la Uni\u00f3n Europea. La \u00fanica finalidad es el alojamiento de nuestra web, teniendo la modalidad de hosting, por tanto, la empresa gestora no tendr\u00e1 acceso a sus datos personales.<\/p><p>Igualmente, nuestros correos electr\u00f3nicos, as\u00ed como copias backups en la un be, se encuentran gestionadas por empresas ubicadas dentro del territorio de la Uni\u00f3n Europea, as\u00ed como sus servidores de alojamiento.<\/p><p><span style=\"text-decoration: underline;\"><em> Con todos los colaboradores y profesionales externos que acceden a datos personales de nuestra empresa y clientes, hemos formalizado contrato de acceso a datos por cuenta de terceros seg\u00fan lo establecido en la legislaci\u00f3n vigente en materia de protecci\u00f3n de datos de car\u00e1cter personal.<\/em><\/span><\/p><p><strong><span style=\"text-decoration: underline;\"> Informaci\u00f3n Adicional sobre el tratamiento de datos que se realiza en Caleta Suites<\/span>:<\/strong><\/p><p>En cumplimiento de la legislaci\u00f3n vigente en materia de Protecci\u00f3n de Datos de Car\u00e1cter Personal, mediante la presente Pol\u00edtica de Privacidad se informa sobre el tratamiento de datos que se realiza en Caleta Suites:<\/p><p>\u2756 <span style=\"text-decoration: underline;\"><strong>Registro de entrada del cliente \u2013 Check In<\/strong><\/span><\/p><p>Al registrarse en alguno de nuestros establecimientos, usted presta su consentimiento para el tratamiento de sus datos personales y de sus acompa\u00f1antes con la finalidad de gestionar el registro de entrada y salida de clientes.<\/p><p>La base legal para el tratamiento de sus datos personales es la obligatoriedad del registro de entrada de viajeros, recogida en el Real Decreto 933\/2021, de 26 de octubre, por el que se establecen las obligaciones de registro documental e informaci\u00f3n de las personas f\u00edsicas o jur\u00eddicas que ejercen actividades de hospedaje y alquiler de veh\u00edculos a motor, as\u00ed como la relaci\u00f3n contractual. La recogida de estos datos es obligatoria para realizar el registro de entrada. En caso de negarse, no ser\u00e1 posible prestarle el servicio de alojamiento que ha contratado.<\/p><p>Sus datos estar\u00e1n en nuestra base de datos durante los a\u00f1os de prescripci\u00f3n legalmente establecidos en el Real Decreto 933\/2021, de 26 de octubre, por el que se establecen las obligaciones de registro documental e informaci\u00f3n de las personas f\u00edsicas o jur\u00eddicas que ejercen actividades de hospedaje y alquiler de veh\u00edculos a motor. Le comunicamos que sus datos ser\u00e1n cedidos Organismo Competente en base a los dispuesto en el Real Decreto 933\/2021, de 26 de octubre, por el que se establecen las obligaciones de registro documental e informaci\u00f3n de las personas f\u00edsicas o jur\u00eddicas que ejercen actividades de hospedaje y alquiler de veh\u00edculos a motor. Esta comunicaci\u00f3n es necesaria para la realizaci\u00f3n de nuestros servicios. No se ceder\u00e1n sus datos a otros terceros, salvo que exista obligaci\u00f3n legal. No se realizar\u00e1n transferencias internacionales de datos.<\/p><p>\u2756 <span style=\"text-decoration: underline;\"><strong>Facturaci\u00f3n<\/strong><\/span><\/p><p>En el caso de que contrate nuestros servicios, queda informado y consiente de forma expresa a que sus datos personales facilitados a Caleta Suites sean utilizados con la finalidad de gestionar su facturaci\u00f3n. La base legal para el tratamiento de sus datos personales es la obligatoriedad de emitir facturas por la entrega bienes y prestaciones de servicios, recogida en la Ley 58\/2003, de 17 de diciembre, General Tributaria, por lo cual es obligatoria e imprescindible la recogida y tratamiento de sus datos para realizar la prestaci\u00f3n de nuestros servicios de alojamiento. Sus datos estar\u00e1n en nuestra base de datos durante los a\u00f1os de prescripci\u00f3n legalmente establecidos en materia contable y fiscal. Sobre sus datos podr\u00e1n acceder, en su caso, las administraciones p\u00fablicas competentes. Esta comunicaci\u00f3n es necesaria para la prestaci\u00f3n de nuestros servicios. No se ceder\u00e1n sus datos a otros terceros, salvo que exista obligaci\u00f3n legal. No se realizar\u00e1n transferencias internacionales de datos.<\/p><p><strong> Usted podr\u00e1 ejercer sus derechos de la siguiente forma:<\/strong><\/p><p>Ante cualquier incidencia que tenga respecto al tratamiento que realizamos de sus datos personales, usted puede ejercer los derechos de acceso, rectificaci\u00f3n, supresi\u00f3n y portabilidad de sus datos, y la limitaci\u00f3n u oposici\u00f3n a su tratamiento, en cualquier momento, por medio de escrito acompa\u00f1ado de documento que le identifique, dirigido a Tur\u00edstica Konrad, S.L. (Caleta Suites)- C\/ El Sauce N.\u00ba 1, portal 1, Urb. El Madro\u00f1al, Fa\u00f1ab\u00e9, 38660 Adeje &#8211; S\/C de Tenerife, o por correo electr\u00f3nico DPO: <a href=\"mailto:lopd@caletasuites.com\">lopd@caletasuites.com<\/a>.<\/p><p>El Responsable del Tratamiento deber\u00e1 de contestar la solicitud del ejercicio de derechos en el plazo de un mes a partir de su solicitud. El plazo podr\u00e1 ser prorrogado a dos meses teniendo en cuenta la complejidad y el n\u00famero de solicitudes. El Responsable del Tratamiento informar\u00e1 al interesado de cualquiera de dichas pr\u00f3rrogas en el plazo de un mes a partir de la recepci\u00f3n de la solicitud, indicando los motivos de la dilaci\u00f3n. Cuando el interesado presente solicitud por medios electr\u00f3nicos, la informaci\u00f3n se facilitar\u00e1 por medios electr\u00f3nicos cuando sea posible, a menos que el interesado solicite que se facilite por otro medio.<\/p><p>En el caso de no haber obtenido satisfacci\u00f3n en el ejercicio de sus derechos, puede presentar reclamaci\u00f3n ante la Autoridad de Control. Puede usted ponerse en contacto con la Agencia Espa\u00f1ola de Protecci\u00f3n de Datos a trav\u00e9s de la web <a href=\"http:\/\/www.agpd.es\">www.agpd.es<\/a>.<\/p><p><span style=\"text-decoration: underline;\"><strong>Modificaciones de la Pol\u00edtica de Privacidad<\/strong><\/span><\/p><p>Caleta Suites, podr\u00e1 modificar la presente Pol\u00edtica de Privacidad cuando sea necesario en conformidad con la normativa vigente aplicable. Todas las modificaciones ser\u00e1n publicadas con la finalidad de mantener a los usuarios siempre informados.<\/p><p>\u00daltima modificaci\u00f3n: 12 de marzo de 2025<\/p>\t\t\t\t\t\t\t\t<\/div>\n\t\t\t\t<\/div>\n\t\t\t\t\t<\/div>\n\t\t\t\t<\/div>\n\t\t\t\t<\/div>\n\t\t","protected":false},"excerpt":{"rendered":"<p>POLITICA DE PRIVACIDAD INFORMACI\u00d3N DE CONTACTO Responsable del Tratamiento: TUR\u00cdSTICA KONRAD, S.L. (en adelante, \u201cCaleta Suites\u201d)CIF: B38333985 Domicilio de contacto: C\/ El Sauce N.\u00ba 1, Portal 1, URB. El Madro\u00f1al, Fa\u00f1ab\u00e9, 38660 Adeje &#8211; S\/ C de Tenerife, Espa\u00f1aCorreo electr\u00f3nico DPO: lopd@caletasuites.com PRINCIPIO DE INFORMACI\u00d3N A continuaci\u00f3n, se detalla cada uno de los tratamientos recogidos [&hellip;]<\/p>\n","protected":false},"author":3,"featured_media":0,"parent":0,"menu_order":0,"comment_status":"closed","ping_status":"open","template":"","meta":{"footnotes":""},"class_list":["post-3","page","type-page","status-publish","hentry"],"yoast_head":"<!-- This site is optimized with the Yoast SEO plugin v27.3 - https:\/\/yoast.com\/product\/yoast-seo-wordpress\/ -->\n<title>Pol\u00edtica de privacidad - Caleta Suites<\/title>\n<meta name=\"robots\" content=\"index, follow, max-snippet:-1, max-image-preview:large, max-video-preview:-1\" \/>\n<link rel=\"canonical\" href=\"https:\/\/caletasuitestenerife.com\/privacy-policy\/\" \/>\n<meta property=\"og:locale\" content=\"es_ES\" \/>\n<meta property=\"og:type\" content=\"article\" \/>\n<meta property=\"og:title\" content=\"Pol\u00edtica de privacidad - Caleta Suites\" \/>\n<meta property=\"og:description\" content=\"POLITICA DE PRIVACIDAD INFORMACI\u00d3N DE CONTACTO Responsable del Tratamiento: TUR\u00cdSTICA KONRAD, S.L. (en adelante, \u201cCaleta Suites\u201d)CIF: B38333985 Domicilio de contacto: C\/ El Sauce N.\u00ba 1, Portal 1, URB. El Madro\u00f1al, Fa\u00f1ab\u00e9, 38660 Adeje &#8211; S\/ C de Tenerife, Espa\u00f1aCorreo electr\u00f3nico DPO: lopd@caletasuites.com PRINCIPIO DE INFORMACI\u00d3N A continuaci\u00f3n, se detalla cada uno de los tratamientos recogidos [&hellip;]\" \/>\n<meta property=\"og:url\" content=\"https:\/\/caletasuitestenerife.com\/privacy-policy\/\" \/>\n<meta property=\"og:site_name\" content=\"Caleta Suites\" \/>\n<meta property=\"article:modified_time\" content=\"2025-03-19T16:33:36+00:00\" \/>\n<meta name=\"twitter:card\" content=\"summary_large_image\" \/>\n<meta name=\"twitter:label1\" content=\"Tiempo de lectura\" \/>\n\t<meta name=\"twitter:data1\" content=\"10 minutos\" \/>\n<script type=\"application\/ld+json\" class=\"yoast-schema-graph\">{\"@context\":\"https:\\\/\\\/schema.org\",\"@graph\":[{\"@type\":\"WebPage\",\"@id\":\"https:\\\/\\\/caletasuitestenerife.com\\\/privacy-policy\\\/\",\"url\":\"https:\\\/\\\/caletasuitestenerife.com\\\/privacy-policy\\\/\",\"name\":\"Pol\u00edtica de privacidad - Caleta Suites\",\"isPartOf\":{\"@id\":\"https:\\\/\\\/caletasuitestenerife.com\\\/#website\"},\"datePublished\":\"2023-10-05T14:11:53+00:00\",\"dateModified\":\"2025-03-19T16:33:36+00:00\",\"breadcrumb\":{\"@id\":\"https:\\\/\\\/caletasuitestenerife.com\\\/privacy-policy\\\/#breadcrumb\"},\"inLanguage\":\"es\",\"potentialAction\":[{\"@type\":\"ReadAction\",\"target\":[\"https:\\\/\\\/caletasuitestenerife.com\\\/privacy-policy\\\/\"]}]},{\"@type\":\"BreadcrumbList\",\"@id\":\"https:\\\/\\\/caletasuitestenerife.com\\\/privacy-policy\\\/#breadcrumb\",\"itemListElement\":[{\"@type\":\"ListItem\",\"position\":1,\"name\":\"Portada\",\"item\":\"https:\\\/\\\/caletasuitestenerife.com\\\/es\\\/\"},{\"@type\":\"ListItem\",\"position\":2,\"name\":\"Pol\u00edtica de privacidad\"}]},{\"@type\":\"WebSite\",\"@id\":\"https:\\\/\\\/caletasuitestenerife.com\\\/#website\",\"url\":\"https:\\\/\\\/caletasuitestenerife.com\\\/\",\"name\":\"Caleta Suites\",\"description\":\"Apartamentos de Lujo\",\"potentialAction\":[{\"@type\":\"SearchAction\",\"target\":{\"@type\":\"EntryPoint\",\"urlTemplate\":\"https:\\\/\\\/caletasuitestenerife.com\\\/?s={search_term_string}\"},\"query-input\":{\"@type\":\"PropertyValueSpecification\",\"valueRequired\":true,\"valueName\":\"search_term_string\"}}],\"inLanguage\":\"es\"}]}<\/script>\n<!-- \/ Yoast SEO plugin. -->","yoast_head_json":{"title":"Pol\u00edtica de privacidad - Caleta Suites","robots":{"index":"index","follow":"follow","max-snippet":"max-snippet:-1","max-image-preview":"max-image-preview:large","max-video-preview":"max-video-preview:-1"},"canonical":"https:\/\/caletasuitestenerife.com\/privacy-policy\/","og_locale":"es_ES","og_type":"article","og_title":"Pol\u00edtica de privacidad - Caleta Suites","og_description":"POLITICA DE PRIVACIDAD INFORMACI\u00d3N DE CONTACTO Responsable del Tratamiento: TUR\u00cdSTICA KONRAD, S.L. (en adelante, \u201cCaleta Suites\u201d)CIF: B38333985 Domicilio de contacto: C\/ El Sauce N.\u00ba 1, Portal 1, URB. El Madro\u00f1al, Fa\u00f1ab\u00e9, 38660 Adeje &#8211; S\/ C de Tenerife, Espa\u00f1aCorreo electr\u00f3nico DPO: lopd@caletasuites.com PRINCIPIO DE INFORMACI\u00d3N A continuaci\u00f3n, se detalla cada uno de los tratamientos recogidos [&hellip;]","og_url":"https:\/\/caletasuitestenerife.com\/privacy-policy\/","og_site_name":"Caleta Suites","article_modified_time":"2025-03-19T16:33:36+00:00","twitter_card":"summary_large_image","twitter_misc":{"Tiempo de lectura":"10 minutos"},"schema":{"@context":"https:\/\/schema.org","@graph":[{"@type":"WebPage","@id":"https:\/\/caletasuitestenerife.com\/privacy-policy\/","url":"https:\/\/caletasuitestenerife.com\/privacy-policy\/","name":"Pol\u00edtica de privacidad - Caleta Suites","isPartOf":{"@id":"https:\/\/caletasuitestenerife.com\/#website"},"datePublished":"2023-10-05T14:11:53+00:00","dateModified":"2025-03-19T16:33:36+00:00","breadcrumb":{"@id":"https:\/\/caletasuitestenerife.com\/privacy-policy\/#breadcrumb"},"inLanguage":"es","potentialAction":[{"@type":"ReadAction","target":["https:\/\/caletasuitestenerife.com\/privacy-policy\/"]}]},{"@type":"BreadcrumbList","@id":"https:\/\/caletasuitestenerife.com\/privacy-policy\/#breadcrumb","itemListElement":[{"@type":"ListItem","position":1,"name":"Portada","item":"https:\/\/caletasuitestenerife.com\/es\/"},{"@type":"ListItem","position":2,"name":"Pol\u00edtica de privacidad"}]},{"@type":"WebSite","@id":"https:\/\/caletasuitestenerife.com\/#website","url":"https:\/\/caletasuitestenerife.com\/","name":"Caleta Suites","description":"Apartamentos de Lujo","potentialAction":[{"@type":"SearchAction","target":{"@type":"EntryPoint","urlTemplate":"https:\/\/caletasuitestenerife.com\/?s={search_term_string}"},"query-input":{"@type":"PropertyValueSpecification","valueRequired":true,"valueName":"search_term_string"}}],"inLanguage":"es"}]}},"_links":{"self":[{"href":"https:\/\/caletasuitestenerife.com\/es\/wp-json\/wp\/v2\/pages\/3","targetHints":{"allow":["GET"]}}],"collection":[{"href":"https:\/\/caletasuitestenerife.com\/es\/wp-json\/wp\/v2\/pages"}],"about":[{"href":"https:\/\/caletasuitestenerife.com\/es\/wp-json\/wp\/v2\/types\/page"}],"author":[{"embeddable":true,"href":"https:\/\/caletasuitestenerife.com\/es\/wp-json\/wp\/v2\/users\/3"}],"replies":[{"embeddable":true,"href":"https:\/\/caletasuitestenerife.com\/es\/wp-json\/wp\/v2\/comments?post=3"}],"version-history":[{"count":11,"href":"https:\/\/caletasuitestenerife.com\/es\/wp-json\/wp\/v2\/pages\/3\/revisions"}],"predecessor-version":[{"id":5424,"href":"https:\/\/caletasuitestenerife.com\/es\/wp-json\/wp\/v2\/pages\/3\/revisions\/5424"}],"wp:attachment":[{"href":"https:\/\/caletasuitestenerife.com\/es\/wp-json\/wp\/v2\/media?parent=3"}],"curies":[{"name":"wp","href":"https:\/\/api.w.org\/{rel}","templated":true}]}}