{"id":3308,"date":"2024-02-15T15:24:00","date_gmt":"2024-02-15T14:24:00","guid":{"rendered":"https:\/\/caletasuitestenerife.com\/?page_id=3308"},"modified":"2025-01-03T16:07:06","modified_gmt":"2025-01-03T15:07:06","slug":"galeria-apartamento-2-hab-planta-1-vista-montana","status":"publish","type":"page","link":"https:\/\/caletasuitestenerife.com\/es\/galeria-apartamento-2-hab-planta-1-vista-montana\/","title":{"rendered":"Galer\u00eda Apartamento 2 hab | planta 1 | vista monta\u00f1a\u200b"},"content":{"rendered":"\t\t<div data-elementor-type=\"wp-page\" data-elementor-id=\"3308\" class=\"elementor elementor-3308\" data-elementor-post-type=\"page\">\n\t\t\t\t<div class=\"elementor-element elementor-element-1da4e1fd e-flex e-con-boxed e-con e-parent\" data-id=\"1da4e1fd\" data-element_type=\"container\" data-e-type=\"container\">\n\t\t\t\t\t<div class=\"e-con-inner\">\n\t\t\t\t<div class=\"elementor-element elementor-element-54864e5c elementor-widget elementor-widget-heading\" data-id=\"54864e5c\" data-element_type=\"widget\" data-e-type=\"widget\" data-widget_type=\"heading.default\">\n\t\t\t\t<div class=\"elementor-widget-container\">\n\t\t\t\t\t<h1 class=\"elementor-heading-title elementor-size-default\">Galer\u00eda Caleta Suites Tenerife<\/h1>\t\t\t\t<\/div>\n\t\t\t\t<\/div>\n\t\t\t\t<div class=\"elementor-element elementor-element-31ebaa1d elementor-widget elementor-widget-heading\" data-id=\"31ebaa1d\" data-element_type=\"widget\" data-e-type=\"widget\" data-widget_type=\"heading.default\">\n\t\t\t\t<div class=\"elementor-widget-container\">\n\t\t\t\t\t<p class=\"elementor-heading-title elementor-size-default\">Apartamento 2 hab | planta 1 | vista monta\u00f1a<\/p>\t\t\t\t<\/div>\n\t\t\t\t<\/div>\n\t\t\t\t<div class=\"elementor-element elementor-element-117b08b3 elementor-widget elementor-widget-hub_fancy_heading lqd-el-has-inner-anim\" data-id=\"117b08b3\" data-element_type=\"widget\" data-e-type=\"widget\" data-settings=\"{&quot;enable_split&quot;:&quot;true&quot;,&quot;split_type&quot;:&quot;lines&quot;}\" data-widget_type=\"hub_fancy_heading.default\">\n\t\t\t\t<div class=\"elementor-widget-container\">\n\t\t\t\t\t\n\t\t<div id=\"ld-fancy-heading-69ecd0d1ad35c\" class=\"ld-fancy-heading pos-rel\">\n\t\t\t<p class=\"ld-fh-element d-inline-block pos-rel  lqd-highlight-classic lqd-highlight-grow-left lqd-split-lines p\"  data-split-text=\"true\" data-split-options='{\"type\":\"lines\"}'> Descubre la sofisticaci\u00f3n en nuestros apartamentos de lujo, donde cada detalle ha sido cuidadosamente elegido. <\/p>\t\t<\/div>\n\n\t\t\t\t\t\t<\/div>\n\t\t\t\t<\/div>\n\t\t\t\t<div class=\"elementor-element elementor-element-3a000dae gallery-spacing-custom elementor-widget elementor-widget-image-gallery\" data-id=\"3a000dae\" data-element_type=\"widget\" data-e-type=\"widget\" data-widget_type=\"image-gallery.default\">\n\t\t\t\t<div class=\"elementor-widget-container\">\n\t\t\t\t\t\t\t<div class=\"elementor-image-gallery\">\n\t\t\t<div id='gallery-1' class='gallery galleryid-3308 gallery-columns-3 gallery-size-full'><figure class='gallery-item'>\n\t\t\t<div class='gallery-icon landscape'>\n\t\t\t\t<a data-elementor-open-lightbox=\"yes\" data-elementor-lightbox-slideshow=\"3a000dae\" data-elementor-lightbox-title=\"apto-102-8\" data-e-action-hash=\"#elementor-action%3Aaction%3Dlightbox%26settings%3DeyJpZCI6Mzc5NSwidXJsIjoiaHR0cHM6XC9cL2NhbGV0YXN1aXRlc3RlbmVyaWZlLmNvbVwvd3AtY29udGVudFwvdXBsb2Fkc1wvMjAyNFwvMDNcL2FwdG8tMTAyLTgud2VicCIsInNsaWRlc2hvdyI6IjNhMDAwZGFlIn0%3D\" href='https:\/\/caletasuitestenerife.com\/wp-content\/uploads\/2024\/03\/apto-102-8.webp'><img fetchpriority=\"high\" decoding=\"async\" width=\"1920\" height=\"1440\" src=\"https:\/\/caletasuitestenerife.com\/wp-content\/uploads\/2024\/03\/apto-102-8.webp\" class=\"attachment-full size-full\" alt=\"\" srcset=\"https:\/\/caletasuitestenerife.com\/wp-content\/uploads\/2024\/03\/apto-102-8.webp 1920w, https:\/\/caletasuitestenerife.com\/wp-content\/uploads\/2024\/03\/apto-102-8-300x225.webp 300w, https:\/\/caletasuitestenerife.com\/wp-content\/uploads\/2024\/03\/apto-102-8-1024x768.webp 1024w\" sizes=\"(max-width: 1920px) 100vw, 1920px\" \/><\/a>\n\t\t\t<\/div><\/figure><figure class='gallery-item'>\n\t\t\t<div class='gallery-icon landscape'>\n\t\t\t\t<a data-elementor-open-lightbox=\"yes\" data-elementor-lightbox-slideshow=\"3a000dae\" data-elementor-lightbox-title=\"apto-102-9\" data-e-action-hash=\"#elementor-action%3Aaction%3Dlightbox%26settings%3DeyJpZCI6Mzc5NywidXJsIjoiaHR0cHM6XC9cL2NhbGV0YXN1aXRlc3RlbmVyaWZlLmNvbVwvd3AtY29udGVudFwvdXBsb2Fkc1wvMjAyNFwvMDNcL2FwdG8tMTAyLTkud2VicCIsInNsaWRlc2hvdyI6IjNhMDAwZGFlIn0%3D\" href='https:\/\/caletasuitestenerife.com\/wp-content\/uploads\/2024\/03\/apto-102-9.webp'><img decoding=\"async\" width=\"1920\" height=\"1440\" src=\"data:image\/svg+xml;charset=utf-8,%3Csvg xmlns%3D&#039;http%3A%2F%2Fwww.w3.org%2F2000%2Fsvg&#039; viewBox%3D&#039;0 0 1920 1440&#039;%2F%3E\" class=\"attachment-full size-full ld-lazyload\" alt=\"\" data-src=\"https:\/\/caletasuitestenerife.com\/wp-content\/uploads\/2024\/03\/apto-102-9.webp\" data-srcset=\"https:\/\/caletasuitestenerife.com\/wp-content\/uploads\/2024\/03\/apto-102-9.webp 1920w, https:\/\/caletasuitestenerife.com\/wp-content\/uploads\/2024\/03\/apto-102-9-300x225.webp 300w, https:\/\/caletasuitestenerife.com\/wp-content\/uploads\/2024\/03\/apto-102-9-1024x768.webp 1024w\" data-sizes=\"(max-width: 1920px) 100vw, 1920px\" data-aspect=\"1.3333333333333\" \/><\/a>\n\t\t\t<\/div><\/figure><figure class='gallery-item'>\n\t\t\t<div class='gallery-icon landscape'>\n\t\t\t\t<a data-elementor-open-lightbox=\"yes\" data-elementor-lightbox-slideshow=\"3a000dae\" data-elementor-lightbox-title=\"apto-102-11\" data-e-action-hash=\"#elementor-action%3Aaction%3Dlightbox%26settings%3DeyJpZCI6MzgwMSwidXJsIjoiaHR0cHM6XC9cL2NhbGV0YXN1aXRlc3RlbmVyaWZlLmNvbVwvd3AtY29udGVudFwvdXBsb2Fkc1wvMjAyNFwvMDNcL2FwdG8tMTAyLTExLndlYnAiLCJzbGlkZXNob3ciOiIzYTAwMGRhZSJ9\" href='https:\/\/caletasuitestenerife.com\/wp-content\/uploads\/2024\/03\/apto-102-11.webp'><img decoding=\"async\" width=\"1920\" height=\"1440\" src=\"data:image\/svg+xml;charset=utf-8,%3Csvg xmlns%3D&#039;http%3A%2F%2Fwww.w3.org%2F2000%2Fsvg&#039; viewBox%3D&#039;0 0 1920 1440&#039;%2F%3E\" class=\"attachment-full size-full ld-lazyload\" alt=\"\" data-src=\"https:\/\/caletasuitestenerife.com\/wp-content\/uploads\/2024\/03\/apto-102-11.webp\" data-srcset=\"https:\/\/caletasuitestenerife.com\/wp-content\/uploads\/2024\/03\/apto-102-11.webp 1920w, https:\/\/caletasuitestenerife.com\/wp-content\/uploads\/2024\/03\/apto-102-11-300x225.webp 300w, https:\/\/caletasuitestenerife.com\/wp-content\/uploads\/2024\/03\/apto-102-11-1024x768.webp 1024w\" data-sizes=\"(max-width: 1920px) 100vw, 1920px\" data-aspect=\"1.3333333333333\" \/><\/a>\n\t\t\t<\/div><\/figure><figure class='gallery-item'>\n\t\t\t<div class='gallery-icon landscape'>\n\t\t\t\t<a data-elementor-open-lightbox=\"yes\" data-elementor-lightbox-slideshow=\"3a000dae\" data-elementor-lightbox-title=\"apto-102-10\" data-e-action-hash=\"#elementor-action%3Aaction%3Dlightbox%26settings%3DeyJpZCI6Mzc5OSwidXJsIjoiaHR0cHM6XC9cL2NhbGV0YXN1aXRlc3RlbmVyaWZlLmNvbVwvd3AtY29udGVudFwvdXBsb2Fkc1wvMjAyNFwvMDNcL2FwdG8tMTAyLTEwLndlYnAiLCJzbGlkZXNob3ciOiIzYTAwMGRhZSJ9\" href='https:\/\/caletasuitestenerife.com\/wp-content\/uploads\/2024\/03\/apto-102-10.webp'><img loading=\"lazy\" decoding=\"async\" width=\"1920\" height=\"1440\" src=\"data:image\/svg+xml;charset=utf-8,%3Csvg xmlns%3D&#039;http%3A%2F%2Fwww.w3.org%2F2000%2Fsvg&#039; viewBox%3D&#039;0 0 1920 1440&#039;%2F%3E\" class=\"attachment-full size-full ld-lazyload\" alt=\"\" data-src=\"https:\/\/caletasuitestenerife.com\/wp-content\/uploads\/2024\/03\/apto-102-10.webp\" data-srcset=\"https:\/\/caletasuitestenerife.com\/wp-content\/uploads\/2024\/03\/apto-102-10.webp 1920w, https:\/\/caletasuitestenerife.com\/wp-content\/uploads\/2024\/03\/apto-102-10-300x225.webp 300w, https:\/\/caletasuitestenerife.com\/wp-content\/uploads\/2024\/03\/apto-102-10-1024x768.webp 1024w\" data-sizes=\"(max-width: 1920px) 100vw, 1920px\" data-aspect=\"1.3333333333333\" \/><\/a>\n\t\t\t<\/div><\/figure><figure class='gallery-item'>\n\t\t\t<div class='gallery-icon landscape'>\n\t\t\t\t<a data-elementor-open-lightbox=\"yes\" data-elementor-lightbox-slideshow=\"3a000dae\" data-elementor-lightbox-title=\"apto-102-12\" data-e-action-hash=\"#elementor-action%3Aaction%3Dlightbox%26settings%3DeyJpZCI6MzgwMywidXJsIjoiaHR0cHM6XC9cL2NhbGV0YXN1aXRlc3RlbmVyaWZlLmNvbVwvd3AtY29udGVudFwvdXBsb2Fkc1wvMjAyNFwvMDNcL2FwdG8tMTAyLTEyLndlYnAiLCJzbGlkZXNob3ciOiIzYTAwMGRhZSJ9\" href='https:\/\/caletasuitestenerife.com\/wp-content\/uploads\/2024\/03\/apto-102-12.webp'><img loading=\"lazy\" decoding=\"async\" width=\"1920\" height=\"1440\" src=\"data:image\/svg+xml;charset=utf-8,%3Csvg xmlns%3D&#039;http%3A%2F%2Fwww.w3.org%2F2000%2Fsvg&#039; viewBox%3D&#039;0 0 1920 1440&#039;%2F%3E\" class=\"attachment-full size-full ld-lazyload\" alt=\"\" data-src=\"https:\/\/caletasuitestenerife.com\/wp-content\/uploads\/2024\/03\/apto-102-12.webp\" data-srcset=\"https:\/\/caletasuitestenerife.com\/wp-content\/uploads\/2024\/03\/apto-102-12.webp 1920w, https:\/\/caletasuitestenerife.com\/wp-content\/uploads\/2024\/03\/apto-102-12-300x225.webp 300w, https:\/\/caletasuitestenerife.com\/wp-content\/uploads\/2024\/03\/apto-102-12-1024x768.webp 1024w\" data-sizes=\"(max-width: 1920px) 100vw, 1920px\" data-aspect=\"1.3333333333333\" \/><\/a>\n\t\t\t<\/div><\/figure><figure class='gallery-item'>\n\t\t\t<div class='gallery-icon landscape'>\n\t\t\t\t<a data-elementor-open-lightbox=\"yes\" data-elementor-lightbox-slideshow=\"3a000dae\" data-elementor-lightbox-title=\"apto-102-14\" data-e-action-hash=\"#elementor-action%3Aaction%3Dlightbox%26settings%3DeyJpZCI6MzgwNSwidXJsIjoiaHR0cHM6XC9cL2NhbGV0YXN1aXRlc3RlbmVyaWZlLmNvbVwvd3AtY29udGVudFwvdXBsb2Fkc1wvMjAyNFwvMDNcL2FwdG8tMTAyLTE0LndlYnAiLCJzbGlkZXNob3ciOiIzYTAwMGRhZSJ9\" href='https:\/\/caletasuitestenerife.com\/wp-content\/uploads\/2024\/03\/apto-102-14.webp'><img loading=\"lazy\" decoding=\"async\" width=\"1920\" height=\"1440\" src=\"data:image\/svg+xml;charset=utf-8,%3Csvg xmlns%3D&#039;http%3A%2F%2Fwww.w3.org%2F2000%2Fsvg&#039; viewBox%3D&#039;0 0 1920 1440&#039;%2F%3E\" class=\"attachment-full size-full ld-lazyload\" alt=\"\" data-src=\"https:\/\/caletasuitestenerife.com\/wp-content\/uploads\/2024\/03\/apto-102-14.webp\" data-srcset=\"https:\/\/caletasuitestenerife.com\/wp-content\/uploads\/2024\/03\/apto-102-14.webp 1920w, https:\/\/caletasuitestenerife.com\/wp-content\/uploads\/2024\/03\/apto-102-14-300x225.webp 300w, https:\/\/caletasuitestenerife.com\/wp-content\/uploads\/2024\/03\/apto-102-14-1024x768.webp 1024w\" data-sizes=\"(max-width: 1920px) 100vw, 1920px\" data-aspect=\"1.3333333333333\" \/><\/a>\n\t\t\t<\/div><\/figure><figure class='gallery-item'>\n\t\t\t<div class='gallery-icon landscape'>\n\t\t\t\t<a data-elementor-open-lightbox=\"yes\" data-elementor-lightbox-slideshow=\"3a000dae\" data-elementor-lightbox-title=\"Renders Caleta Suites Tenerife\" data-e-action-hash=\"#elementor-action%3Aaction%3Dlightbox%26settings%3DeyJpZCI6NDMxNywidXJsIjoiaHR0cHM6XC9cL2NhbGV0YXN1aXRlc3RlbmVyaWZlLmNvbVwvd3AtY29udGVudFwvdXBsb2Fkc1wvMjAyNFwvMDVcL2FwdG8tMTAyLTNELndlYnAiLCJzbGlkZXNob3ciOiIzYTAwMGRhZSJ9\" href='https:\/\/caletasuitestenerife.com\/wp-content\/uploads\/2024\/05\/apto-102-3D.webp'><img loading=\"lazy\" decoding=\"async\" width=\"1920\" height=\"1440\" src=\"data:image\/svg+xml;charset=utf-8,%3Csvg xmlns%3D&#039;http%3A%2F%2Fwww.w3.org%2F2000%2Fsvg&#039; viewBox%3D&#039;0 0 1920 1440&#039;%2F%3E\" class=\"attachment-full size-full ld-lazyload\" alt=\"\" data-src=\"https:\/\/caletasuitestenerife.com\/wp-content\/uploads\/2024\/05\/apto-102-3D.webp\" data-srcset=\"https:\/\/caletasuitestenerife.com\/wp-content\/uploads\/2024\/05\/apto-102-3D.webp 1920w, https:\/\/caletasuitestenerife.com\/wp-content\/uploads\/2024\/05\/apto-102-3D-300x225.webp 300w, https:\/\/caletasuitestenerife.com\/wp-content\/uploads\/2024\/05\/apto-102-3D-1024x768.webp 1024w\" data-sizes=\"(max-width: 1920px) 100vw, 1920px\" data-aspect=\"1.3333333333333\" \/><\/a>\n\t\t\t<\/div><\/figure>\n\t\t<\/div>\n\t\t<\/div>\n\t\t\t\t\t\t<\/div>\n\t\t\t\t<\/div>\n\t\t\t\t\t<\/div>\n\t\t\t\t<\/div>\n\t\t<div class=\"elementor-element elementor-element-7ef43acc elementor-hidden-desktop elementor-hidden-tablet elementor-hidden-mobile e-flex e-con-boxed e-con e-parent\" data-id=\"7ef43acc\" data-element_type=\"container\" data-e-type=\"container\">\n\t\t\t\t\t<div class=\"e-con-inner\">\n\t\t\t\t<div class=\"elementor-element elementor-element-32df0f9 elementor-widget elementor-widget-heading\" data-id=\"32df0f9\" data-element_type=\"widget\" data-e-type=\"widget\" data-widget_type=\"heading.default\">\n\t\t\t\t<div class=\"elementor-widget-container\">\n\t\t\t\t\t<h2 class=\"elementor-heading-title elementor-size-default\">Zonas Comunes<\/h2>\t\t\t\t<\/div>\n\t\t\t\t<\/div>\n\t\t\t\t<div class=\"elementor-element elementor-element-1c39ab20 gallery-spacing-custom elementor-widget elementor-widget-image-gallery\" data-id=\"1c39ab20\" data-element_type=\"widget\" data-e-type=\"widget\" data-widget_type=\"image-gallery.default\">\n\t\t\t\t<div class=\"elementor-widget-container\">\n\t\t\t\t\t\t\t<div class=\"elementor-image-gallery\">\n\t\t\t\t\t<\/div>\n\t\t\t\t\t\t<\/div>\n\t\t\t\t<\/div>\n\t\t\t\t\t<\/div>\n\t\t\t\t<\/div>\n\t\t\t\t<\/div>\n\t\t","protected":false},"excerpt":{"rendered":"<p>Galer\u00eda Caleta Suites Tenerife Apartamento 2 hab | planta 1 | vista monta\u00f1a Descubre la sofisticaci\u00f3n en nuestros apartamentos de lujo, donde cada detalle ha sido cuidadosamente elegido. Zonas Comunes<\/p>\n","protected":false},"author":3,"featured_media":0,"parent":0,"menu_order":0,"comment_status":"closed","ping_status":"closed","template":"","meta":{"footnotes":""},"class_list":["post-3308","page","type-page","status-publish","hentry"],"yoast_head":"<!-- This site is optimized with the Yoast SEO plugin v27.4 - https:\/\/yoast.com\/product\/yoast-seo-wordpress\/ -->\n<title>Galer\u00eda Apartamento 2 hab | planta 1 | vista monta\u00f1a\u200b - Caleta Suites<\/title>\n<meta name=\"robots\" content=\"index, follow, max-snippet:-1, max-image-preview:large, max-video-preview:-1\" \/>\n<link rel=\"canonical\" href=\"https:\/\/caletasuitestenerife.com\/es\/galeria-apartamento-2-hab-planta-1-vista-montana\/\" \/>\n<meta property=\"og:locale\" content=\"es_ES\" \/>\n<meta property=\"og:type\" content=\"article\" \/>\n<meta property=\"og:title\" content=\"Galer\u00eda Apartamento 2 hab | planta 1 | vista monta\u00f1a\u200b - Caleta Suites\" \/>\n<meta property=\"og:description\" content=\"Galer\u00eda Caleta Suites Tenerife Apartamento 2 hab | planta 1 | vista monta\u00f1a Descubre la sofisticaci\u00f3n en nuestros apartamentos de lujo, donde cada detalle ha sido cuidadosamente elegido. Zonas Comunes\" \/>\n<meta property=\"og:url\" content=\"https:\/\/caletasuitestenerife.com\/es\/galeria-apartamento-2-hab-planta-1-vista-montana\/\" \/>\n<meta property=\"og:site_name\" content=\"Caleta Suites\" \/>\n<meta property=\"article:modified_time\" content=\"2025-01-03T15:07:06+00:00\" \/>\n<meta property=\"og:image\" content=\"https:\/\/caletasuitestenerife.com\/wp-content\/uploads\/2024\/03\/apto-102-8.webp\" \/>\n<meta name=\"twitter:card\" content=\"summary_large_image\" \/>\n<meta name=\"twitter:label1\" content=\"Tiempo de lectura\" \/>\n\t<meta name=\"twitter:data1\" content=\"2 minutos\" \/>\n<script type=\"application\/ld+json\" class=\"yoast-schema-graph\">{\"@context\":\"https:\\\/\\\/schema.org\",\"@graph\":[{\"@type\":\"WebPage\",\"@id\":\"https:\\\/\\\/caletasuitestenerife.com\\\/es\\\/galeria-apartamento-2-hab-planta-1-vista-montana\\\/\",\"url\":\"https:\\\/\\\/caletasuitestenerife.com\\\/es\\\/galeria-apartamento-2-hab-planta-1-vista-montana\\\/\",\"name\":\"Galer\u00eda Apartamento 2 hab | planta 1 | vista monta\u00f1a\u200b - Caleta Suites\",\"isPartOf\":{\"@id\":\"https:\\\/\\\/caletasuitestenerife.com\\\/#website\"},\"primaryImageOfPage\":{\"@id\":\"https:\\\/\\\/caletasuitestenerife.com\\\/es\\\/galeria-apartamento-2-hab-planta-1-vista-montana\\\/#primaryimage\"},\"image\":{\"@id\":\"https:\\\/\\\/caletasuitestenerife.com\\\/es\\\/galeria-apartamento-2-hab-planta-1-vista-montana\\\/#primaryimage\"},\"thumbnailUrl\":\"https:\\\/\\\/caletasuitestenerife.com\\\/wp-content\\\/uploads\\\/2024\\\/03\\\/apto-102-8.webp\",\"datePublished\":\"2024-02-15T14:24:00+00:00\",\"dateModified\":\"2025-01-03T15:07:06+00:00\",\"breadcrumb\":{\"@id\":\"https:\\\/\\\/caletasuitestenerife.com\\\/es\\\/galeria-apartamento-2-hab-planta-1-vista-montana\\\/#breadcrumb\"},\"inLanguage\":\"es\",\"potentialAction\":[{\"@type\":\"ReadAction\",\"target\":[\"https:\\\/\\\/caletasuitestenerife.com\\\/es\\\/galeria-apartamento-2-hab-planta-1-vista-montana\\\/\"]}]},{\"@type\":\"ImageObject\",\"inLanguage\":\"es\",\"@id\":\"https:\\\/\\\/caletasuitestenerife.com\\\/es\\\/galeria-apartamento-2-hab-planta-1-vista-montana\\\/#primaryimage\",\"url\":\"https:\\\/\\\/caletasuitestenerife.com\\\/wp-content\\\/uploads\\\/2024\\\/03\\\/apto-102-8.webp\",\"contentUrl\":\"https:\\\/\\\/caletasuitestenerife.com\\\/wp-content\\\/uploads\\\/2024\\\/03\\\/apto-102-8.webp\"},{\"@type\":\"BreadcrumbList\",\"@id\":\"https:\\\/\\\/caletasuitestenerife.com\\\/es\\\/galeria-apartamento-2-hab-planta-1-vista-montana\\\/#breadcrumb\",\"itemListElement\":[{\"@type\":\"ListItem\",\"position\":1,\"name\":\"Portada\",\"item\":\"https:\\\/\\\/caletasuitestenerife.com\\\/es\\\/\"},{\"@type\":\"ListItem\",\"position\":2,\"name\":\"Galer\u00eda Apartamento 2 hab | planta 1 | vista monta\u00f1a\u200b\"}]},{\"@type\":\"WebSite\",\"@id\":\"https:\\\/\\\/caletasuitestenerife.com\\\/#website\",\"url\":\"https:\\\/\\\/caletasuitestenerife.com\\\/\",\"name\":\"Caleta Suites\",\"description\":\"Apartamentos de Lujo\",\"potentialAction\":[{\"@type\":\"SearchAction\",\"target\":{\"@type\":\"EntryPoint\",\"urlTemplate\":\"https:\\\/\\\/caletasuitestenerife.com\\\/?s={search_term_string}\"},\"query-input\":{\"@type\":\"PropertyValueSpecification\",\"valueRequired\":true,\"valueName\":\"search_term_string\"}}],\"inLanguage\":\"es\"}]}<\/script>\n<!-- \/ Yoast SEO plugin. -->","yoast_head_json":{"title":"Galer\u00eda Apartamento 2 hab | planta 1 | vista monta\u00f1a\u200b - Caleta Suites","robots":{"index":"index","follow":"follow","max-snippet":"max-snippet:-1","max-image-preview":"max-image-preview:large","max-video-preview":"max-video-preview:-1"},"canonical":"https:\/\/caletasuitestenerife.com\/es\/galeria-apartamento-2-hab-planta-1-vista-montana\/","og_locale":"es_ES","og_type":"article","og_title":"Galer\u00eda Apartamento 2 hab | planta 1 | vista monta\u00f1a\u200b - Caleta Suites","og_description":"Galer\u00eda Caleta Suites Tenerife Apartamento 2 hab | planta 1 | vista monta\u00f1a Descubre la sofisticaci\u00f3n en nuestros apartamentos de lujo, donde cada detalle ha sido cuidadosamente elegido. Zonas Comunes","og_url":"https:\/\/caletasuitestenerife.com\/es\/galeria-apartamento-2-hab-planta-1-vista-montana\/","og_site_name":"Caleta Suites","article_modified_time":"2025-01-03T15:07:06+00:00","og_image":[{"url":"https:\/\/caletasuitestenerife.com\/wp-content\/uploads\/2024\/03\/apto-102-8.webp","type":"","width":"","height":""}],"twitter_card":"summary_large_image","twitter_misc":{"Tiempo de lectura":"2 minutos"},"schema":{"@context":"https:\/\/schema.org","@graph":[{"@type":"WebPage","@id":"https:\/\/caletasuitestenerife.com\/es\/galeria-apartamento-2-hab-planta-1-vista-montana\/","url":"https:\/\/caletasuitestenerife.com\/es\/galeria-apartamento-2-hab-planta-1-vista-montana\/","name":"Galer\u00eda Apartamento 2 hab | planta 1 | vista monta\u00f1a\u200b - Caleta Suites","isPartOf":{"@id":"https:\/\/caletasuitestenerife.com\/#website"},"primaryImageOfPage":{"@id":"https:\/\/caletasuitestenerife.com\/es\/galeria-apartamento-2-hab-planta-1-vista-montana\/#primaryimage"},"image":{"@id":"https:\/\/caletasuitestenerife.com\/es\/galeria-apartamento-2-hab-planta-1-vista-montana\/#primaryimage"},"thumbnailUrl":"https:\/\/caletasuitestenerife.com\/wp-content\/uploads\/2024\/03\/apto-102-8.webp","datePublished":"2024-02-15T14:24:00+00:00","dateModified":"2025-01-03T15:07:06+00:00","breadcrumb":{"@id":"https:\/\/caletasuitestenerife.com\/es\/galeria-apartamento-2-hab-planta-1-vista-montana\/#breadcrumb"},"inLanguage":"es","potentialAction":[{"@type":"ReadAction","target":["https:\/\/caletasuitestenerife.com\/es\/galeria-apartamento-2-hab-planta-1-vista-montana\/"]}]},{"@type":"ImageObject","inLanguage":"es","@id":"https:\/\/caletasuitestenerife.com\/es\/galeria-apartamento-2-hab-planta-1-vista-montana\/#primaryimage","url":"https:\/\/caletasuitestenerife.com\/wp-content\/uploads\/2024\/03\/apto-102-8.webp","contentUrl":"https:\/\/caletasuitestenerife.com\/wp-content\/uploads\/2024\/03\/apto-102-8.webp"},{"@type":"BreadcrumbList","@id":"https:\/\/caletasuitestenerife.com\/es\/galeria-apartamento-2-hab-planta-1-vista-montana\/#breadcrumb","itemListElement":[{"@type":"ListItem","position":1,"name":"Portada","item":"https:\/\/caletasuitestenerife.com\/es\/"},{"@type":"ListItem","position":2,"name":"Galer\u00eda Apartamento 2 hab | planta 1 | vista monta\u00f1a\u200b"}]},{"@type":"WebSite","@id":"https:\/\/caletasuitestenerife.com\/#website","url":"https:\/\/caletasuitestenerife.com\/","name":"Caleta Suites","description":"Apartamentos de Lujo","potentialAction":[{"@type":"SearchAction","target":{"@type":"EntryPoint","urlTemplate":"https:\/\/caletasuitestenerife.com\/?s={search_term_string}"},"query-input":{"@type":"PropertyValueSpecification","valueRequired":true,"valueName":"search_term_string"}}],"inLanguage":"es"}]}},"_links":{"self":[{"href":"https:\/\/caletasuitestenerife.com\/es\/wp-json\/wp\/v2\/pages\/3308","targetHints":{"allow":["GET"]}}],"collection":[{"href":"https:\/\/caletasuitestenerife.com\/es\/wp-json\/wp\/v2\/pages"}],"about":[{"href":"https:\/\/caletasuitestenerife.com\/es\/wp-json\/wp\/v2\/types\/page"}],"author":[{"embeddable":true,"href":"https:\/\/caletasuitestenerife.com\/es\/wp-json\/wp\/v2\/users\/3"}],"replies":[{"embeddable":true,"href":"https:\/\/caletasuitestenerife.com\/es\/wp-json\/wp\/v2\/comments?post=3308"}],"version-history":[{"count":20,"href":"https:\/\/caletasuitestenerife.com\/es\/wp-json\/wp\/v2\/pages\/3308\/revisions"}],"predecessor-version":[{"id":4430,"href":"https:\/\/caletasuitestenerife.com\/es\/wp-json\/wp\/v2\/pages\/3308\/revisions\/4430"}],"wp:attachment":[{"href":"https:\/\/caletasuitestenerife.com\/es\/wp-json\/wp\/v2\/media?parent=3308"}],"curies":[{"name":"wp","href":"https:\/\/api.w.org\/{rel}","templated":true}]}}