{"id":3913,"date":"2024-03-04T13:35:15","date_gmt":"2024-03-04T12:35:15","guid":{"rendered":"https:\/\/caletasuitestenerife.com\/?page_id=3913"},"modified":"2025-01-03T15:58:55","modified_gmt":"2025-01-03T14:58:55","slug":"aticos","status":"publish","type":"page","link":"https:\/\/caletasuitestenerife.com\/es\/aticos\/","title":{"rendered":"\u00c1ticos"},"content":{"rendered":"\t\t<div data-elementor-type=\"wp-page\" data-elementor-id=\"3913\" class=\"elementor elementor-3913\" data-elementor-post-type=\"page\">\n\t\t\t\t<div class=\"elementor-element elementor-element-4b09837f e-con-full e-flex e-con e-parent\" data-id=\"4b09837f\" data-element_type=\"container\" data-e-type=\"container\">\n\t\t\t\t<div class=\"elementor-element elementor-element-178ebbb7 elementor-widget elementor-widget-heading\" data-id=\"178ebbb7\" data-element_type=\"widget\" data-e-type=\"widget\" data-widget_type=\"heading.default\">\n\t\t\t\t<div class=\"elementor-widget-container\">\n\t\t\t\t\t<h1 class=\"elementor-heading-title elementor-size-default\">Nuestros \u00c1ticos<\/h1>\t\t\t\t<\/div>\n\t\t\t\t<\/div>\n\t\t\t\t<div class=\"elementor-element elementor-element-37251ffb elementor-widget elementor-widget-hub_fancy_heading lqd-el-has-inner-anim\" data-id=\"37251ffb\" data-element_type=\"widget\" data-e-type=\"widget\" data-settings=\"{&quot;enable_split&quot;:&quot;true&quot;,&quot;split_type&quot;:&quot;lines&quot;}\" data-widget_type=\"hub_fancy_heading.default\">\n\t\t\t\t<div class=\"elementor-widget-container\">\n\t\t\t\t\t\n\t\t<div id=\"ld-fancy-heading-6a05cd7609b5f\" class=\"ld-fancy-heading pos-rel\">\n\t\t\t<p class=\"ld-fh-element d-inline-block pos-rel  lqd-highlight-classic lqd-highlight-grow-left lqd-split-lines p\"  data-split-text=\"true\" data-split-options='{\"type\":\"lines\"}'> Descubre la exclusividad de nuestros \u00e1ticos con terrazas expectaculares, donde el lujo y las vistas panor\u00e1micas se unen para ofrecerte una experiencia inigualable.<\/p>\t\t<\/div>\n\n\t\t\t\t\t\t<\/div>\n\t\t\t\t<\/div>\n\t\t\t\t<div class=\"elementor-element elementor-element-84799b elementor-widget elementor-widget-html\" data-id=\"84799b\" data-element_type=\"widget\" data-e-type=\"widget\" data-widget_type=\"html.default\">\n\t\t\t\t<div class=\"elementor-widget-container\">\n\t\t\t\t\t<div>\r<style>\r.icnea-iframe-container {\rwidth:100%;\roverflow-x:hidden;\r}\r.icnea-iframe {\rwidth:calc(100% + 15px);\rheight:99.5vh;\r}\r<\/style>\r<div class='icnea-iframe-container'>\r<iframe class='icnea-iframe' src='https:\/\/caletasuitestenerife.icnea.net\/?g=108&idi=3'\rframeborder=\"0\" onload=\"window.scrollTo(0,0)\"><\/iframe>\r<\/div>\r<script>\rif (window.location.search) {\rconst arrival = get('arrival') || '';\rconst departure = get('departure') || '';\rconst guests = get('guests') || '';\rconst destination = get('destination') || '';\rconst gro = get('gro') || '';\rconst idi = get('idi') || 2;\rif (arrival && departure && guests) {\rlet qparams =\r`?idi=${idi}&arrival=${arrival}&departure=${departure}&guests=${guests}&destination=${dest\rination}`;\rif(gro) {\rqparams += `&gro=${gro}`;\r}\rdocument.querySelector('iframe.icnea-iframe').src =\r'https:\/\/caletasuitestenerife.icnea.net' + qparams;\r}\r}\rfunction get(name) {\rif (name = (new RegExp('[?&]' + encodeURIComponent(name) +\r'=([^&]*)')).exec(location.search)) {\rreturn decodeURIComponent(name[1]);\r}\r}\r<\/script>\r<\/div>\t\t\t\t<\/div>\n\t\t\t\t<\/div>\n\t\t\t\t<\/div>\n\t\t\t\t<\/div>\n\t\t","protected":false},"excerpt":{"rendered":"<p>Nuestros \u00c1ticos Descubre la exclusividad de nuestros \u00e1ticos con terrazas expectaculares, donde el lujo y las vistas panor\u00e1micas se unen para ofrecerte una experiencia inigualable.<\/p>\n","protected":false},"author":3,"featured_media":0,"parent":0,"menu_order":0,"comment_status":"closed","ping_status":"closed","template":"","meta":{"footnotes":""},"class_list":["post-3913","page","type-page","status-publish","hentry"],"yoast_head":"<!-- This site is optimized with the Yoast SEO plugin v27.6 - https:\/\/yoast.com\/product\/yoast-seo-wordpress\/ -->\n<title>\u00c1ticos - Caleta Suites<\/title>\n<meta name=\"robots\" content=\"index, follow, max-snippet:-1, max-image-preview:large, max-video-preview:-1\" \/>\n<link rel=\"canonical\" href=\"https:\/\/caletasuitestenerife.com\/es\/aticos\/\" \/>\n<meta property=\"og:locale\" content=\"es_ES\" \/>\n<meta property=\"og:type\" content=\"article\" \/>\n<meta property=\"og:title\" content=\"\u00c1ticos - Caleta Suites\" \/>\n<meta property=\"og:description\" content=\"Nuestros \u00c1ticos Descubre la exclusividad de nuestros \u00e1ticos con terrazas expectaculares, donde el lujo y las vistas panor\u00e1micas se unen para ofrecerte una experiencia inigualable.\" \/>\n<meta property=\"og:url\" content=\"https:\/\/caletasuitestenerife.com\/es\/aticos\/\" \/>\n<meta property=\"og:site_name\" content=\"Caleta Suites\" \/>\n<meta property=\"article:modified_time\" content=\"2025-01-03T14:58:55+00:00\" \/>\n<meta name=\"twitter:card\" content=\"summary_large_image\" \/>\n<meta name=\"twitter:label1\" content=\"Tiempo de lectura\" \/>\n\t<meta name=\"twitter:data1\" content=\"1 minuto\" \/>\n<script type=\"application\/ld+json\" class=\"yoast-schema-graph\">{\"@context\":\"https:\\\/\\\/schema.org\",\"@graph\":[{\"@type\":\"WebPage\",\"@id\":\"https:\\\/\\\/caletasuitestenerife.com\\\/es\\\/aticos\\\/\",\"url\":\"https:\\\/\\\/caletasuitestenerife.com\\\/es\\\/aticos\\\/\",\"name\":\"\u00c1ticos - Caleta Suites\",\"isPartOf\":{\"@id\":\"https:\\\/\\\/caletasuitestenerife.com\\\/#website\"},\"datePublished\":\"2024-03-04T12:35:15+00:00\",\"dateModified\":\"2025-01-03T14:58:55+00:00\",\"breadcrumb\":{\"@id\":\"https:\\\/\\\/caletasuitestenerife.com\\\/es\\\/aticos\\\/#breadcrumb\"},\"inLanguage\":\"es\",\"potentialAction\":[{\"@type\":\"ReadAction\",\"target\":[\"https:\\\/\\\/caletasuitestenerife.com\\\/es\\\/aticos\\\/\"]}]},{\"@type\":\"BreadcrumbList\",\"@id\":\"https:\\\/\\\/caletasuitestenerife.com\\\/es\\\/aticos\\\/#breadcrumb\",\"itemListElement\":[{\"@type\":\"ListItem\",\"position\":1,\"name\":\"Portada\",\"item\":\"https:\\\/\\\/caletasuitestenerife.com\\\/es\\\/\"},{\"@type\":\"ListItem\",\"position\":2,\"name\":\"\u00c1ticos\"}]},{\"@type\":\"WebSite\",\"@id\":\"https:\\\/\\\/caletasuitestenerife.com\\\/#website\",\"url\":\"https:\\\/\\\/caletasuitestenerife.com\\\/\",\"name\":\"Caleta Suites\",\"description\":\"Apartamentos de Lujo\",\"potentialAction\":[{\"@type\":\"SearchAction\",\"target\":{\"@type\":\"EntryPoint\",\"urlTemplate\":\"https:\\\/\\\/caletasuitestenerife.com\\\/?s={search_term_string}\"},\"query-input\":{\"@type\":\"PropertyValueSpecification\",\"valueRequired\":true,\"valueName\":\"search_term_string\"}}],\"inLanguage\":\"es\"}]}<\/script>\n<!-- \/ Yoast SEO plugin. -->","yoast_head_json":{"title":"\u00c1ticos - Caleta Suites","robots":{"index":"index","follow":"follow","max-snippet":"max-snippet:-1","max-image-preview":"max-image-preview:large","max-video-preview":"max-video-preview:-1"},"canonical":"https:\/\/caletasuitestenerife.com\/es\/aticos\/","og_locale":"es_ES","og_type":"article","og_title":"\u00c1ticos - Caleta Suites","og_description":"Nuestros \u00c1ticos Descubre la exclusividad de nuestros \u00e1ticos con terrazas expectaculares, donde el lujo y las vistas panor\u00e1micas se unen para ofrecerte una experiencia inigualable.","og_url":"https:\/\/caletasuitestenerife.com\/es\/aticos\/","og_site_name":"Caleta Suites","article_modified_time":"2025-01-03T14:58:55+00:00","twitter_card":"summary_large_image","twitter_misc":{"Tiempo de lectura":"1 minuto"},"schema":{"@context":"https:\/\/schema.org","@graph":[{"@type":"WebPage","@id":"https:\/\/caletasuitestenerife.com\/es\/aticos\/","url":"https:\/\/caletasuitestenerife.com\/es\/aticos\/","name":"\u00c1ticos - Caleta Suites","isPartOf":{"@id":"https:\/\/caletasuitestenerife.com\/#website"},"datePublished":"2024-03-04T12:35:15+00:00","dateModified":"2025-01-03T14:58:55+00:00","breadcrumb":{"@id":"https:\/\/caletasuitestenerife.com\/es\/aticos\/#breadcrumb"},"inLanguage":"es","potentialAction":[{"@type":"ReadAction","target":["https:\/\/caletasuitestenerife.com\/es\/aticos\/"]}]},{"@type":"BreadcrumbList","@id":"https:\/\/caletasuitestenerife.com\/es\/aticos\/#breadcrumb","itemListElement":[{"@type":"ListItem","position":1,"name":"Portada","item":"https:\/\/caletasuitestenerife.com\/es\/"},{"@type":"ListItem","position":2,"name":"\u00c1ticos"}]},{"@type":"WebSite","@id":"https:\/\/caletasuitestenerife.com\/#website","url":"https:\/\/caletasuitestenerife.com\/","name":"Caleta Suites","description":"Apartamentos de Lujo","potentialAction":[{"@type":"SearchAction","target":{"@type":"EntryPoint","urlTemplate":"https:\/\/caletasuitestenerife.com\/?s={search_term_string}"},"query-input":{"@type":"PropertyValueSpecification","valueRequired":true,"valueName":"search_term_string"}}],"inLanguage":"es"}]}},"_links":{"self":[{"href":"https:\/\/caletasuitestenerife.com\/es\/wp-json\/wp\/v2\/pages\/3913","targetHints":{"allow":["GET"]}}],"collection":[{"href":"https:\/\/caletasuitestenerife.com\/es\/wp-json\/wp\/v2\/pages"}],"about":[{"href":"https:\/\/caletasuitestenerife.com\/es\/wp-json\/wp\/v2\/types\/page"}],"author":[{"embeddable":true,"href":"https:\/\/caletasuitestenerife.com\/es\/wp-json\/wp\/v2\/users\/3"}],"replies":[{"embeddable":true,"href":"https:\/\/caletasuitestenerife.com\/es\/wp-json\/wp\/v2\/comments?post=3913"}],"version-history":[{"count":14,"href":"https:\/\/caletasuitestenerife.com\/es\/wp-json\/wp\/v2\/pages\/3913\/revisions"}],"predecessor-version":[{"id":4118,"href":"https:\/\/caletasuitestenerife.com\/es\/wp-json\/wp\/v2\/pages\/3913\/revisions\/4118"}],"wp:attachment":[{"href":"https:\/\/caletasuitestenerife.com\/es\/wp-json\/wp\/v2\/media?parent=3913"}],"curies":[{"name":"wp","href":"https:\/\/api.w.org\/{rel}","templated":true}]}}