{"id":5343,"date":"2025-03-18T23:45:06","date_gmt":"2025-03-18T22:45:06","guid":{"rendered":"https:\/\/caletasuitestenerife.com\/?page_id=5343"},"modified":"2025-03-19T00:26:37","modified_gmt":"2025-03-18T23:26:37","slug":"aviso-legal","status":"publish","type":"page","link":"https:\/\/caletasuitestenerife.com\/es\/aviso-legal\/","title":{"rendered":"Aviso Legal"},"content":{"rendered":"\t\t<div data-elementor-type=\"wp-page\" data-elementor-id=\"5343\" class=\"elementor elementor-5343\" data-elementor-post-type=\"page\">\n\t\t\t\t<div class=\"elementor-element elementor-element-d64b7d6 e-flex e-con-boxed e-con e-parent\" data-id=\"d64b7d6\" data-element_type=\"container\" data-e-type=\"container\">\n\t\t\t\t\t<div class=\"e-con-inner\">\n\t\t\t\t<div class=\"elementor-element elementor-element-8b5b13a elementor-widget elementor-widget-heading\" data-id=\"8b5b13a\" data-element_type=\"widget\" data-e-type=\"widget\" data-widget_type=\"heading.default\">\n\t\t\t\t<div class=\"elementor-widget-container\">\n\t\t\t\t\t<h1 class=\"elementor-heading-title elementor-size-default\">AVISO LEGAL<\/h1>\t\t\t\t<\/div>\n\t\t\t\t<\/div>\n\t\t\t\t<div class=\"elementor-element elementor-element-f732135 elementor-widget elementor-widget-text-editor\" data-id=\"f732135\" data-element_type=\"widget\" data-e-type=\"widget\" data-widget_type=\"text-editor.default\">\n\t\t\t\t<div class=\"elementor-widget-container\">\n\t\t\t\t\t\t\t\t\t<p><u><b>Identificaci\u00f3n<\/b><\/u><\/p>\n<p>TUR\u00cdSTICA KONRAD, S.L., es una entidad cuyo objeto social es prestar servicios de Turismo y Hosteler\u00eda.<\/p>\n<p>En cumplimiento con el deber de informaci\u00f3n recogido en el art\u00edculo 10 de la Ley 34\/2002, de 11 de julio, de Servicios de la Sociedad de la Informaci\u00f3n y del Comercio Electr\u00f3nico, los datos aqu\u00ed consignados corresponden a TUR\u00cdSTICA KONRAD, S.L. (en adelante, <strong>\u00abCaleta Suites\u00bb<\/strong>), titular de la presente Web (<a href=\"https:\/\/caletasuites.com\/\">https:\/\/caletasuites.com\/<\/a>) con CIF B38333985 domiciliada en C\/ El Sauce N.\u00ba 1, Portal 1, URB. El Madro\u00f1al, Fa\u00f1ab\u00e9, 38660 Adeje S\/C de Tenerife, Espa\u00f1a, tel\u00e9fono 922 796 516, fax 922 792 224 y Correo electr\u00f3nico de contacto <a href=\"mailto:lopd@caletasuites.com\">lopd@caletasuites.com<\/a>.<\/p>\n<p>Se encuentra inscrita en el Registro Mercantil de Santa Cruz de Tenerife Tomo 2.787, Folio 46, Secci\u00f3n 8, Hoja TF 7902 y se le aplican, entre otras, las disposiciones del Gobierno de Canarias sobre alojamiento tur\u00edstico.<\/p>\n<p><u><b>Propiedad Industrial e Intelectual<\/b><\/u><\/p>\n<p>Todos los derechos de Propiedad Industrial e Intelectual de la totalidad de elementos contenidos en esta Web, incluidas las marcas comerciales, formatos, dise\u00f1os gr\u00e1ficos e im\u00e1genes que configuran la plantilla de esta Web, pertenecen a Caleta Suites.<\/p>\n<p>Del mismo modo, las im\u00e1genes, documentos, textos, as\u00ed como resto de archivos que el titular de esta Web pueda incluir para configurar esta p\u00e1gina a la actividad que desempe\u00f1a pertenecen a Caleta Suites.<\/p>\n<p>En ambos casos, se encuentran protegidos por las leyes espa\u00f1olas e internacionales sobre Propiedad Intelectual e Industrial.<\/p>\n<p>Queda expresamente prohibida la reproducci\u00f3n total o parcial de este sitio Web y de cualquiera de sus contenidos sin el permiso expreso y por escrito del titular antes mencionado.<\/p>\n<p>El acceso al sitio Web no implica ning\u00fan tipo de renuncia, transmisi\u00f3n, licencia o cesi\u00f3n de dichos derechos por parte de los mismos, salvo que se establezca expresamente lo contrario.<\/p>\n<p><u><b>Condiciones de uso<\/b><\/u><\/p>\n<p>El acceso a este sitio Web implica la aceptaci\u00f3n de estas condiciones de uso sin reservas que regulan el acceso y la utilizaci\u00f3n del mismo con el fin de poner a disposici\u00f3n de los usuarios informaci\u00f3n sobre nuestros servicios.<\/p>\n<p>Caleta Suites no responder\u00e1 de ninguna consecuencia, da\u00f1o o perjuicio que pudieran derivarse de dicha utilizaci\u00f3n o uso de la informaci\u00f3n.<\/p>\n<p>Tanto el acceso a esta Web como el uso que pueda hacerse de la informaci\u00f3n contenida en la misma es de la exclusiva responsabilidad de quien lo realiza.<\/p>\n<p>El usuario se obliga a no utilizar la informaci\u00f3n que se publica en esta Web con fines o efectos il\u00edcitos o lesivos, a no da\u00f1ar o inutilizar la informaci\u00f3n y a no realizar cualquier otra acci\u00f3n que puedan ser contraria al contenido de este Aviso Legal.<\/p>\n<p>Asimismo, el titular de esta web no puede asegurar la inexistencia de interrupciones o errores en el acceso a este sitio Web, aunque pondr\u00e1 sus mayores esfuerzos para evitarlos.<\/p>\n<p><u><b>Enlaces a otras Webs<\/b><\/u><\/p>\n<p>Los enlaces que puede encontrar en esta Web son un servicio a los usuarios. Estas p\u00e1ginas no son operadas ni controladas por el titular de esta Web, por ello, Caleta Suites no se hace responsable de los contenidos de esos sitios Web ni est\u00e1n cubiertos por el presente Aviso Legal. Si accede a estas p\u00e1ginas Webs deber\u00e1 tener en cuenta que sus pol\u00edticas de privacidad pueden ser diferentes a la nuestra.<\/p>\n<p><u><b>Modificaci\u00f3n de las presentes condiciones y duraci\u00f3n<\/b><\/u><\/p>\n<p>El titular de esta Web podr\u00e1 modificar en cualquier momento las condiciones aqu\u00ed determinadas, siendo debidamente publicadas como aqu\u00ed aparecen, por sus propios criterios o motivado por la modificaci\u00f3n de legislaci\u00f3n o directrices de la Agencia Espa\u00f1ola de Protecci\u00f3n de Datos. La vigencia de las citadas condiciones se aplicar\u00e1 hasta que sean modificadas por otras debidamente publicadas.<\/p>\n<p><u><b>Legislaci\u00f3n y jurisdicci\u00f3n<\/b><\/u><\/p>\n<p>La legislaci\u00f3n aplicable al contenido del sitio Web ser\u00e1 la espa\u00f1ola y la jurisdicci\u00f3n, la correspondiente a los Juzgados y Tribunales competentes en Santa Cruz de Tenerife.<\/p>\n<p>\u00daltima modificaci\u00f3n: 26 de diciembre de 2023<\/p>\t\t\t\t\t\t\t\t<\/div>\n\t\t\t\t<\/div>\n\t\t\t\t\t<\/div>\n\t\t\t\t<\/div>\n\t\t\t\t<\/div>\n\t\t","protected":false},"excerpt":{"rendered":"<p>AVISO LEGAL Identificaci\u00f3n TUR\u00cdSTICA KONRAD, S.L., es una entidad cuyo objeto social es prestar servicios de Turismo y Hosteler\u00eda. En cumplimiento con el deber de informaci\u00f3n recogido en el art\u00edculo 10 de la Ley 34\/2002, de 11 de julio, de Servicios de la Sociedad de la Informaci\u00f3n y del Comercio Electr\u00f3nico, los datos aqu\u00ed consignados [&hellip;]<\/p>\n","protected":false},"author":3,"featured_media":0,"parent":0,"menu_order":0,"comment_status":"closed","ping_status":"closed","template":"","meta":{"footnotes":""},"class_list":["post-5343","page","type-page","status-publish","hentry"],"yoast_head":"<!-- This site is optimized with the Yoast SEO plugin v27.3 - https:\/\/yoast.com\/product\/yoast-seo-wordpress\/ -->\n<title>Aviso Legal - Caleta Suites<\/title>\n<meta name=\"robots\" content=\"index, follow, max-snippet:-1, max-image-preview:large, max-video-preview:-1\" \/>\n<link rel=\"canonical\" href=\"https:\/\/caletasuitestenerife.com\/es\/aviso-legal\/\" \/>\n<meta property=\"og:locale\" content=\"es_ES\" \/>\n<meta property=\"og:type\" content=\"article\" \/>\n<meta property=\"og:title\" content=\"Aviso Legal - Caleta Suites\" \/>\n<meta property=\"og:description\" content=\"AVISO LEGAL Identificaci\u00f3n TUR\u00cdSTICA KONRAD, S.L., es una entidad cuyo objeto social es prestar servicios de Turismo y Hosteler\u00eda. En cumplimiento con el deber de informaci\u00f3n recogido en el art\u00edculo 10 de la Ley 34\/2002, de 11 de julio, de Servicios de la Sociedad de la Informaci\u00f3n y del Comercio Electr\u00f3nico, los datos aqu\u00ed consignados [&hellip;]\" \/>\n<meta property=\"og:url\" content=\"https:\/\/caletasuitestenerife.com\/es\/aviso-legal\/\" \/>\n<meta property=\"og:site_name\" content=\"Caleta Suites\" \/>\n<meta property=\"article:modified_time\" content=\"2025-03-18T23:26:37+00:00\" \/>\n<meta name=\"twitter:card\" content=\"summary_large_image\" \/>\n<meta name=\"twitter:label1\" content=\"Tiempo de lectura\" \/>\n\t<meta name=\"twitter:data1\" content=\"3 minutos\" \/>\n<script type=\"application\/ld+json\" class=\"yoast-schema-graph\">{\"@context\":\"https:\\\/\\\/schema.org\",\"@graph\":[{\"@type\":\"WebPage\",\"@id\":\"https:\\\/\\\/caletasuitestenerife.com\\\/es\\\/aviso-legal\\\/\",\"url\":\"https:\\\/\\\/caletasuitestenerife.com\\\/es\\\/aviso-legal\\\/\",\"name\":\"Aviso Legal - Caleta Suites\",\"isPartOf\":{\"@id\":\"https:\\\/\\\/caletasuitestenerife.com\\\/#website\"},\"datePublished\":\"2025-03-18T22:45:06+00:00\",\"dateModified\":\"2025-03-18T23:26:37+00:00\",\"breadcrumb\":{\"@id\":\"https:\\\/\\\/caletasuitestenerife.com\\\/es\\\/aviso-legal\\\/#breadcrumb\"},\"inLanguage\":\"es\",\"potentialAction\":[{\"@type\":\"ReadAction\",\"target\":[\"https:\\\/\\\/caletasuitestenerife.com\\\/es\\\/aviso-legal\\\/\"]}]},{\"@type\":\"BreadcrumbList\",\"@id\":\"https:\\\/\\\/caletasuitestenerife.com\\\/es\\\/aviso-legal\\\/#breadcrumb\",\"itemListElement\":[{\"@type\":\"ListItem\",\"position\":1,\"name\":\"Portada\",\"item\":\"https:\\\/\\\/caletasuitestenerife.com\\\/es\\\/\"},{\"@type\":\"ListItem\",\"position\":2,\"name\":\"Aviso Legal\"}]},{\"@type\":\"WebSite\",\"@id\":\"https:\\\/\\\/caletasuitestenerife.com\\\/#website\",\"url\":\"https:\\\/\\\/caletasuitestenerife.com\\\/\",\"name\":\"Caleta Suites\",\"description\":\"Apartamentos de Lujo\",\"potentialAction\":[{\"@type\":\"SearchAction\",\"target\":{\"@type\":\"EntryPoint\",\"urlTemplate\":\"https:\\\/\\\/caletasuitestenerife.com\\\/?s={search_term_string}\"},\"query-input\":{\"@type\":\"PropertyValueSpecification\",\"valueRequired\":true,\"valueName\":\"search_term_string\"}}],\"inLanguage\":\"es\"}]}<\/script>\n<!-- \/ Yoast SEO plugin. -->","yoast_head_json":{"title":"Aviso Legal - Caleta Suites","robots":{"index":"index","follow":"follow","max-snippet":"max-snippet:-1","max-image-preview":"max-image-preview:large","max-video-preview":"max-video-preview:-1"},"canonical":"https:\/\/caletasuitestenerife.com\/es\/aviso-legal\/","og_locale":"es_ES","og_type":"article","og_title":"Aviso Legal - Caleta Suites","og_description":"AVISO LEGAL Identificaci\u00f3n TUR\u00cdSTICA KONRAD, S.L., es una entidad cuyo objeto social es prestar servicios de Turismo y Hosteler\u00eda. En cumplimiento con el deber de informaci\u00f3n recogido en el art\u00edculo 10 de la Ley 34\/2002, de 11 de julio, de Servicios de la Sociedad de la Informaci\u00f3n y del Comercio Electr\u00f3nico, los datos aqu\u00ed consignados [&hellip;]","og_url":"https:\/\/caletasuitestenerife.com\/es\/aviso-legal\/","og_site_name":"Caleta Suites","article_modified_time":"2025-03-18T23:26:37+00:00","twitter_card":"summary_large_image","twitter_misc":{"Tiempo de lectura":"3 minutos"},"schema":{"@context":"https:\/\/schema.org","@graph":[{"@type":"WebPage","@id":"https:\/\/caletasuitestenerife.com\/es\/aviso-legal\/","url":"https:\/\/caletasuitestenerife.com\/es\/aviso-legal\/","name":"Aviso Legal - Caleta Suites","isPartOf":{"@id":"https:\/\/caletasuitestenerife.com\/#website"},"datePublished":"2025-03-18T22:45:06+00:00","dateModified":"2025-03-18T23:26:37+00:00","breadcrumb":{"@id":"https:\/\/caletasuitestenerife.com\/es\/aviso-legal\/#breadcrumb"},"inLanguage":"es","potentialAction":[{"@type":"ReadAction","target":["https:\/\/caletasuitestenerife.com\/es\/aviso-legal\/"]}]},{"@type":"BreadcrumbList","@id":"https:\/\/caletasuitestenerife.com\/es\/aviso-legal\/#breadcrumb","itemListElement":[{"@type":"ListItem","position":1,"name":"Portada","item":"https:\/\/caletasuitestenerife.com\/es\/"},{"@type":"ListItem","position":2,"name":"Aviso Legal"}]},{"@type":"WebSite","@id":"https:\/\/caletasuitestenerife.com\/#website","url":"https:\/\/caletasuitestenerife.com\/","name":"Caleta Suites","description":"Apartamentos de Lujo","potentialAction":[{"@type":"SearchAction","target":{"@type":"EntryPoint","urlTemplate":"https:\/\/caletasuitestenerife.com\/?s={search_term_string}"},"query-input":{"@type":"PropertyValueSpecification","valueRequired":true,"valueName":"search_term_string"}}],"inLanguage":"es"}]}},"_links":{"self":[{"href":"https:\/\/caletasuitestenerife.com\/es\/wp-json\/wp\/v2\/pages\/5343","targetHints":{"allow":["GET"]}}],"collection":[{"href":"https:\/\/caletasuitestenerife.com\/es\/wp-json\/wp\/v2\/pages"}],"about":[{"href":"https:\/\/caletasuitestenerife.com\/es\/wp-json\/wp\/v2\/types\/page"}],"author":[{"embeddable":true,"href":"https:\/\/caletasuitestenerife.com\/es\/wp-json\/wp\/v2\/users\/3"}],"replies":[{"embeddable":true,"href":"https:\/\/caletasuitestenerife.com\/es\/wp-json\/wp\/v2\/comments?post=5343"}],"version-history":[{"count":13,"href":"https:\/\/caletasuitestenerife.com\/es\/wp-json\/wp\/v2\/pages\/5343\/revisions"}],"predecessor-version":[{"id":5373,"href":"https:\/\/caletasuitestenerife.com\/es\/wp-json\/wp\/v2\/pages\/5343\/revisions\/5373"}],"wp:attachment":[{"href":"https:\/\/caletasuitestenerife.com\/es\/wp-json\/wp\/v2\/media?parent=5343"}],"curies":[{"name":"wp","href":"https:\/\/api.w.org\/{rel}","templated":true}]}}