{"id":5355,"date":"2025-03-19T00:06:54","date_gmt":"2025-03-18T23:06:54","guid":{"rendered":"https:\/\/caletasuitestenerife.com\/?page_id=5355"},"modified":"2025-03-19T00:09:57","modified_gmt":"2025-03-18T23:09:57","slug":"politica-de-cookies","status":"publish","type":"page","link":"https:\/\/caletasuitestenerife.com\/es\/politica-de-cookies\/","title":{"rendered":"Pol\u00edtica de Cookies"},"content":{"rendered":"\t\t<div data-elementor-type=\"wp-page\" data-elementor-id=\"5355\" class=\"elementor elementor-5355\" data-elementor-post-type=\"page\">\n\t\t\t\t<div class=\"elementor-element elementor-element-fe8c6c2 e-flex e-con-boxed e-con e-parent\" data-id=\"fe8c6c2\" data-element_type=\"container\" data-e-type=\"container\">\n\t\t\t\t\t<div class=\"e-con-inner\">\n\t\t\t\t<div class=\"elementor-element elementor-element-0899404 elementor-widget elementor-widget-heading\" data-id=\"0899404\" data-element_type=\"widget\" data-e-type=\"widget\" data-widget_type=\"heading.default\">\n\t\t\t\t<div class=\"elementor-widget-container\">\n\t\t\t\t\t<h1 class=\"elementor-heading-title elementor-size-default\">POLITICA DE COOKIES<\/h1>\t\t\t\t<\/div>\n\t\t\t\t<\/div>\n\t\t\t\t<div class=\"elementor-element elementor-element-c34ad66 elementor-widget elementor-widget-text-editor\" data-id=\"c34ad66\" data-element_type=\"widget\" data-e-type=\"widget\" data-widget_type=\"text-editor.default\">\n\t\t\t\t<div class=\"elementor-widget-container\">\n\t\t\t\t\t\t\t\t\t<p><span style=\"text-decoration: underline;\"><strong>Transparencia en la informaci\u00f3n e identificaci\u00f3n del editor responsable de <a href=\"http:\/\/www.caletasuitestenerife.com\/\">www.caletasuitestenerife.com<\/a><\/strong><\/span><\/p><p>A trav\u00e9s de la presente pol\u00edtica de cookies, Tur\u00edstica Konrad, S.L., en adelante, Caleta Suites, se compromete a ser lo m\u00e1s transparente posible a la hora de facilitarle la informaci\u00f3n acerca del tratamiento que realizamos al navegar por <a href=\"http:\/\/www.caletasuitestenerife.com\/\">www.caletasuitestenerife.com<\/a>, para dar as\u00ed cumplimiento con el deber de informaci\u00f3n recogido en el art\u00edculo 22.2 de la Ley 34\/2002, de 11 de julio, de Servicios de la Sociedad de la Informaci\u00f3n y de Comercio Electr\u00f3nico <strong>(LSSICE)<\/strong>.<\/p><p>Cualquier duda que tenga al respecto, puede ponerse en contacto con nosotros mediante los canales de comunicaci\u00f3n indicados en el apartado de nuestra <a href=\"https:\/\/caletasuitestenerife.com\/es\/politica-de-privacidad\/\">Pol\u00edtica de Privacidad<\/a>.<\/p><p><u><b>\u00bfQu\u00e9 es una cookie?<\/b><\/u><\/p><p>La web <a href=\"http:\/\/www.caletasuitestenerife.com\/\">www.caletasuitestenerife.com<\/a> utiliza cookies y\/o tecnolog\u00edas similares que almacenan y recuperan informaci\u00f3n cuando navegas. En general, estas tecnolog\u00edas pueden servir para finalidades muy diversas, como, por ejemplo, reconocerte como usuario, obtener informaci\u00f3n sobre tus h\u00e1bitos de navegaci\u00f3n, o personalizar la forma en que se muestra el contenido. Los usos concretos que hacemos de estas tecnolog\u00edas se describen en el siguiente apartado. Para conocer todas las cookies existentes, puedes acceder a la Gu\u00eda de cookies publicada por la Agencia Espa\u00f1ola de Protecci\u00f3n de Datos.<\/p><p><u><b>\u00bfQu\u00e9 tipos de cookies utilizamos?<\/b><\/u><\/p><p>Seg\u00fan quien realice la gesti\u00f3n, utilizamos:<\/p><p>a) <strong>Cookies propias:<\/strong> son aquellas que se env\u00edan al equipo terminal del usuario desde un equipo o dominio gestionado por el propio editor y desde el que se presta el servicio solicitado por el usuario.<\/p><p>Seg\u00fan el tipo de finalidad, utilizamos:<\/p><p>a) <strong>Anal\u00edticas:<\/strong> son aquellas que permiten al responsable de las mismas el seguimiento y an\u00e1lisis del comportamiento de los usuarios de los sitios web a los que est\u00e1n vinculadas, incluida la cuantificaci\u00f3n de los impactos de los anuncios. La informaci\u00f3n recogida mediante este tipo de cookies se utiliza en la medici\u00f3n de la actividad de los sitios web, aplicaci\u00f3n o plataforma, con el fin de introducir mejoras en funci\u00f3n del an\u00e1lisis de los datos de uso que hacen los usuarios del servicio.<\/p><p>b) <strong>Cookies de preferencias o personalizaci\u00f3n:<\/strong> son las que permiten recordar las preferencias de los usuarios cuando navegan en una web que ya han visitado. Por ejemplo, permiten recordar el idioma preferido de uso de la web, la regi\u00f3n en la cual se encuentra el usuario para proponerle contenido adecuado, o tambi\u00e9n el tipo de navegador a trav\u00e9s del cual acceder a un servicio concreto etc. Las cookies de preferencias son tambi\u00e9n las que permiten cambiar el tama\u00f1o del texto, la fuente o las otras partes de las p\u00e1ginas web que se pueden personalizar. El objetivo de las cookies de personalizaci\u00f3n es ofrecer a los usuarios una navegaci\u00f3n m\u00e1s f\u00e1cil, fluida y personalizada.<\/p><p>Seg\u00fan el plazo de tiempo que permanecen activas, utilizamos:<\/p><p>a) <strong>Cookies de sesi\u00f3n:<\/strong> son aquellas dise\u00f1adas para recabar y almacenar datos mientras el usuario accede a una p\u00e1gina web. Se suelen emplear para almacenar informaci\u00f3n que solo interesa conservar para la prestaci\u00f3n del servicio solicitado por el usuario en una sola ocasi\u00f3n (por ejemplo, una lista de productos adquiridos) y desaparecen al terminar la sesi\u00f3n.<\/p><p>b) <strong>Cookies persistentes:<\/strong> son aquellas en las que los datos siguen almacenados en el terminal y pueden ser accedidos y tratados durante un periodo definido por el responsable de la cookie, y que puede ir de unos minutos a varios a\u00f1os.<\/p><p><u><b>\u00bfCu\u00e1l es el nivel de intromisi\u00f3n asociados a las cookies que usamos?<\/b><\/u><\/p><p>Las cookies incorporan un criterio de \u00abnivel de intrusi\u00f3n\u00bb apoyado en una escala del 1 al 3, en la que:<\/p><p><strong>Nivel 2:<\/strong> Se corresponde con cookies an\u00f3nimas de uso interno necesarias para el mantenimiento de contenidos y navegaci\u00f3n, as\u00ed como a cookies gestionadas por terceros en el marco de servicios solicitados expresamente por el usuario en las webs de aquellos (ej.: Complementos Sociales de Facebook Twitter o Linkedin, v\u00eddeos incrustados, mapas).<\/p><p><u><b>\u00bfCu\u00e1les son las cookies de este sitio web www.caletasuitestenerife.com?<\/b><\/u><\/p><table><tbody><tr><th>TIPO DE COOKIE<\/th><th>GESTOR<\/th><th>DURACI\u00d3N<\/th><th>NIVEL<\/th><th>FINALIDAD<\/th><\/tr><tr><td><strong>Personalizaci\u00f3n<\/strong><\/td><td>caletasuitestenerife.com CookieConsent<\/td><td>Persisnte, 1 mes<\/td><td>2<\/td><td>Cookie para recordar la selecci\u00f3n del usuario de aceptaci\u00f3n de la instalaci\u00f3n de cookies.<\/td><\/tr><tr><td><strong>Anal\u00edtica<\/strong><\/td><td>.caletasuitestenerife.com _ga<\/td><td>Persistente, 13 meses<\/td><td>2<\/td><td>Google Analytics instala esta cookie para calcular los datos de visitantes, sesiones y campa\u00f1as y realizar un seguimiento del uso del sitio para el informe de an\u00e1lisis del sitio. La cookie almacena la informaci\u00f3n de forma an\u00f3nima y asigna un n\u00famero generado aleatoriamente para reconocer a los visitantes \u00fanicos.<\/td><\/tr><tr><td><strong>Anal\u00edtica<\/strong><\/td><td>.caletasuitestenerife.com _ga_Z7B9KJKKYG<\/td><td>Persistente, 13 meses<\/td><td>2<\/td><td>La cookie \u00abga_Z7B9KJKKYG\u00bb es una variante de la cookie \u00ab_gat\u00bb utilizada por Google Analytics, una herramienta de an\u00e1lisis web ampliamente utilizada para medir el tr\u00e1fico y el comportamiento de los usuarios en sitios web. Su funci\u00f3n principal es controlar la tasa de solicitudes a los servidores de Google Analytics y limitar la recopilaci\u00f3n de datos en sitios web con un alto tr\u00e1fico.<\/td><\/tr><tr><td><strong>Personalizaci\u00f3n<\/strong><\/td><td>wp-wpml_current_language caletasuitestenerife.com<\/td><td>Al finalizar sesi\u00f3n<\/td><td>2<\/td><td>Cookie usada para seleccionar el idioma de la web.<\/td><\/tr><\/tbody><\/table><p><u><b>\u00bfC\u00f3mo recogen mi consentimiento para la instalaci\u00f3n de las cookies?<\/b><\/u><\/p><p>Al acceder a nuestra web <a href=\"http:\/\/www.caletasuitestenerife.com\/\">www.caletasuitestenerife.com<\/a>, aparecer\u00e1 un aviso en primera capa informativa en donde podr\u00e1 aceptar, denegar o configurar las cookies utilizadas. Una vez configurado \/aceptado \/denegado, podr\u00e1 volver a configurar sus preferencias de cookies tal y como le indicamos a continuaci\u00f3n. Tenga en cuenta que, si acepta las cookies de terceros y posteriormente desea eliminarlas, deber\u00e1 eliminarlas desde las opciones del navegador o desde el sistema ofrecido por el propio tercero.<\/p><p><u><b>\u00bfC\u00f3mo puedo configurar mis preferencias de navegaci\u00f3n?<\/b><\/u><\/p><p>A continuaci\u00f3n, te proponemos los enlaces de diferentes navegadores y aplicaciones m\u00e1s frecuentes, para ayudarte a configurar tus preferencias con respecto a las cookies:<\/p><p><b>NAVEGADORES<\/b><\/p><p>CHROME SAFARI<br \/>FIREFOX<br \/>INTERNET EXPLORER<br \/>INTERNET EXPLORER (WINDOWS PHONE)<br \/>SAFARI PARA IOS (IPHONE Y IPAD)<br \/>ANDROID<br \/>CHROME PARA ANDROID<\/p><p><b>APLICACIONES<\/b><\/p><p>INSTAGRAM<br \/>YOUTUBE<br \/>TWITTER<br \/>VIMEO<br \/>LINKEDIN<br \/>PINTEREST<br \/>FACEBOOK<\/p><p><u><b>\u00bfExisten transferencias internacionales de datos?<\/b><\/u><\/p><p>Nuestra empresa no tiene la intenci\u00f3n de tratar sus datos personales fuera del territorio del Espacio Econ\u00f3mico Europeo. Es por ello, que ha indicado en sus contratos con terceros, que nos informen acerca de la ubicaci\u00f3n de sus servidores de alojamiento de informaci\u00f3n, a fin de poder garantizar que los mismos se encuentran en un pa\u00eds con garant\u00edas de seguridad suficientes.<\/p><p><u><b>\u00bfD\u00f3nde puedo conseguir m\u00e1s informaci\u00f3n relacionada con la protecci\u00f3n de datos y las cookies?<\/b><\/u><\/p><p>En nuestra Pol\u00edtica de privacidad, hemos publicado el resto de informaci\u00f3n exigida por el art\u00edculo 13 del RGPD 2016\/679 que no se refiere de forma espec\u00edfica a las cookies (por ejemplo, los derechos de los interesados).<\/p><p><u><b>\u00bfY m\u00e1s informaci\u00f3n acerca de las cookies?<\/b><\/u><\/p><p>En la Gu\u00eda de cookies publicada por la Agencia Espa\u00f1ola de Protecci\u00f3n de Datos.<\/p><p>\u00daltima modificaci\u00f3n: 20 de marzo de 2024<\/p>\t\t\t\t\t\t\t\t<\/div>\n\t\t\t\t<\/div>\n\t\t\t\t\t<\/div>\n\t\t\t\t<\/div>\n\t\t\t\t<\/div>\n\t\t","protected":false},"excerpt":{"rendered":"<p>POLITICA DE COOKIES Transparencia en la informaci\u00f3n e identificaci\u00f3n del editor responsable de www.caletasuitestenerife.com A trav\u00e9s de la presente pol\u00edtica de cookies, Tur\u00edstica Konrad, S.L., en adelante, Caleta Suites, se compromete a ser lo m\u00e1s transparente posible a la hora de facilitarle la informaci\u00f3n acerca del tratamiento que realizamos al navegar por www.caletasuitestenerife.com, para dar [&hellip;]<\/p>\n","protected":false},"author":3,"featured_media":0,"parent":0,"menu_order":0,"comment_status":"closed","ping_status":"closed","template":"","meta":{"footnotes":""},"class_list":["post-5355","page","type-page","status-publish","hentry"],"yoast_head":"<!-- This site is optimized with the Yoast SEO plugin v27.3 - https:\/\/yoast.com\/product\/yoast-seo-wordpress\/ -->\n<title>Pol\u00edtica de Cookies - Caleta Suites<\/title>\n<meta name=\"robots\" content=\"index, follow, max-snippet:-1, max-image-preview:large, max-video-preview:-1\" \/>\n<link rel=\"canonical\" href=\"https:\/\/caletasuitestenerife.com\/es\/politica-de-cookies\/\" \/>\n<meta property=\"og:locale\" content=\"es_ES\" \/>\n<meta property=\"og:type\" content=\"article\" \/>\n<meta property=\"og:title\" content=\"Pol\u00edtica de Cookies - Caleta Suites\" \/>\n<meta property=\"og:description\" content=\"POLITICA DE COOKIES Transparencia en la informaci\u00f3n e identificaci\u00f3n del editor responsable de www.caletasuitestenerife.com A trav\u00e9s de la presente pol\u00edtica de cookies, Tur\u00edstica Konrad, S.L., en adelante, Caleta Suites, se compromete a ser lo m\u00e1s transparente posible a la hora de facilitarle la informaci\u00f3n acerca del tratamiento que realizamos al navegar por www.caletasuitestenerife.com, para dar [&hellip;]\" \/>\n<meta property=\"og:url\" content=\"https:\/\/caletasuitestenerife.com\/es\/politica-de-cookies\/\" \/>\n<meta property=\"og:site_name\" content=\"Caleta Suites\" \/>\n<meta property=\"article:modified_time\" content=\"2025-03-18T23:09:57+00:00\" \/>\n<meta name=\"twitter:card\" content=\"summary_large_image\" \/>\n<meta name=\"twitter:label1\" content=\"Tiempo de lectura\" \/>\n\t<meta name=\"twitter:data1\" content=\"6 minutos\" \/>\n<script type=\"application\/ld+json\" class=\"yoast-schema-graph\">{\"@context\":\"https:\\\/\\\/schema.org\",\"@graph\":[{\"@type\":\"WebPage\",\"@id\":\"https:\\\/\\\/caletasuitestenerife.com\\\/es\\\/politica-de-cookies\\\/\",\"url\":\"https:\\\/\\\/caletasuitestenerife.com\\\/es\\\/politica-de-cookies\\\/\",\"name\":\"Pol\u00edtica de Cookies - Caleta Suites\",\"isPartOf\":{\"@id\":\"https:\\\/\\\/caletasuitestenerife.com\\\/#website\"},\"datePublished\":\"2025-03-18T23:06:54+00:00\",\"dateModified\":\"2025-03-18T23:09:57+00:00\",\"breadcrumb\":{\"@id\":\"https:\\\/\\\/caletasuitestenerife.com\\\/es\\\/politica-de-cookies\\\/#breadcrumb\"},\"inLanguage\":\"es\",\"potentialAction\":[{\"@type\":\"ReadAction\",\"target\":[\"https:\\\/\\\/caletasuitestenerife.com\\\/es\\\/politica-de-cookies\\\/\"]}]},{\"@type\":\"BreadcrumbList\",\"@id\":\"https:\\\/\\\/caletasuitestenerife.com\\\/es\\\/politica-de-cookies\\\/#breadcrumb\",\"itemListElement\":[{\"@type\":\"ListItem\",\"position\":1,\"name\":\"Portada\",\"item\":\"https:\\\/\\\/caletasuitestenerife.com\\\/es\\\/\"},{\"@type\":\"ListItem\",\"position\":2,\"name\":\"Pol\u00edtica de Cookies\"}]},{\"@type\":\"WebSite\",\"@id\":\"https:\\\/\\\/caletasuitestenerife.com\\\/#website\",\"url\":\"https:\\\/\\\/caletasuitestenerife.com\\\/\",\"name\":\"Caleta Suites\",\"description\":\"Apartamentos de Lujo\",\"potentialAction\":[{\"@type\":\"SearchAction\",\"target\":{\"@type\":\"EntryPoint\",\"urlTemplate\":\"https:\\\/\\\/caletasuitestenerife.com\\\/?s={search_term_string}\"},\"query-input\":{\"@type\":\"PropertyValueSpecification\",\"valueRequired\":true,\"valueName\":\"search_term_string\"}}],\"inLanguage\":\"es\"}]}<\/script>\n<!-- \/ Yoast SEO plugin. -->","yoast_head_json":{"title":"Pol\u00edtica de Cookies - Caleta Suites","robots":{"index":"index","follow":"follow","max-snippet":"max-snippet:-1","max-image-preview":"max-image-preview:large","max-video-preview":"max-video-preview:-1"},"canonical":"https:\/\/caletasuitestenerife.com\/es\/politica-de-cookies\/","og_locale":"es_ES","og_type":"article","og_title":"Pol\u00edtica de Cookies - Caleta Suites","og_description":"POLITICA DE COOKIES Transparencia en la informaci\u00f3n e identificaci\u00f3n del editor responsable de www.caletasuitestenerife.com A trav\u00e9s de la presente pol\u00edtica de cookies, Tur\u00edstica Konrad, S.L., en adelante, Caleta Suites, se compromete a ser lo m\u00e1s transparente posible a la hora de facilitarle la informaci\u00f3n acerca del tratamiento que realizamos al navegar por www.caletasuitestenerife.com, para dar [&hellip;]","og_url":"https:\/\/caletasuitestenerife.com\/es\/politica-de-cookies\/","og_site_name":"Caleta Suites","article_modified_time":"2025-03-18T23:09:57+00:00","twitter_card":"summary_large_image","twitter_misc":{"Tiempo de lectura":"6 minutos"},"schema":{"@context":"https:\/\/schema.org","@graph":[{"@type":"WebPage","@id":"https:\/\/caletasuitestenerife.com\/es\/politica-de-cookies\/","url":"https:\/\/caletasuitestenerife.com\/es\/politica-de-cookies\/","name":"Pol\u00edtica de Cookies - Caleta Suites","isPartOf":{"@id":"https:\/\/caletasuitestenerife.com\/#website"},"datePublished":"2025-03-18T23:06:54+00:00","dateModified":"2025-03-18T23:09:57+00:00","breadcrumb":{"@id":"https:\/\/caletasuitestenerife.com\/es\/politica-de-cookies\/#breadcrumb"},"inLanguage":"es","potentialAction":[{"@type":"ReadAction","target":["https:\/\/caletasuitestenerife.com\/es\/politica-de-cookies\/"]}]},{"@type":"BreadcrumbList","@id":"https:\/\/caletasuitestenerife.com\/es\/politica-de-cookies\/#breadcrumb","itemListElement":[{"@type":"ListItem","position":1,"name":"Portada","item":"https:\/\/caletasuitestenerife.com\/es\/"},{"@type":"ListItem","position":2,"name":"Pol\u00edtica de Cookies"}]},{"@type":"WebSite","@id":"https:\/\/caletasuitestenerife.com\/#website","url":"https:\/\/caletasuitestenerife.com\/","name":"Caleta Suites","description":"Apartamentos de Lujo","potentialAction":[{"@type":"SearchAction","target":{"@type":"EntryPoint","urlTemplate":"https:\/\/caletasuitestenerife.com\/?s={search_term_string}"},"query-input":{"@type":"PropertyValueSpecification","valueRequired":true,"valueName":"search_term_string"}}],"inLanguage":"es"}]}},"_links":{"self":[{"href":"https:\/\/caletasuitestenerife.com\/es\/wp-json\/wp\/v2\/pages\/5355","targetHints":{"allow":["GET"]}}],"collection":[{"href":"https:\/\/caletasuitestenerife.com\/es\/wp-json\/wp\/v2\/pages"}],"about":[{"href":"https:\/\/caletasuitestenerife.com\/es\/wp-json\/wp\/v2\/types\/page"}],"author":[{"embeddable":true,"href":"https:\/\/caletasuitestenerife.com\/es\/wp-json\/wp\/v2\/users\/3"}],"replies":[{"embeddable":true,"href":"https:\/\/caletasuitestenerife.com\/es\/wp-json\/wp\/v2\/comments?post=5355"}],"version-history":[{"count":7,"href":"https:\/\/caletasuitestenerife.com\/es\/wp-json\/wp\/v2\/pages\/5355\/revisions"}],"predecessor-version":[{"id":5362,"href":"https:\/\/caletasuitestenerife.com\/es\/wp-json\/wp\/v2\/pages\/5355\/revisions\/5362"}],"wp:attachment":[{"href":"https:\/\/caletasuitestenerife.com\/es\/wp-json\/wp\/v2\/media?parent=5355"}],"curies":[{"name":"wp","href":"https:\/\/api.w.org\/{rel}","templated":true}]}}