{"id":5376,"date":"2025-03-19T01:27:41","date_gmt":"2025-03-19T00:27:41","guid":{"rendered":"https:\/\/caletasuitestenerife.com\/?page_id=5376"},"modified":"2025-09-08T17:47:03","modified_gmt":"2025-09-08T15:47:03","slug":"condiciones-de-reserva","status":"publish","type":"page","link":"https:\/\/caletasuitestenerife.com\/es\/condiciones-de-reserva\/","title":{"rendered":"Condiciones de Reserva"},"content":{"rendered":"\t\t<div data-elementor-type=\"wp-page\" data-elementor-id=\"5376\" class=\"elementor elementor-5376\" data-elementor-post-type=\"page\">\n\t\t\t\t<div class=\"elementor-element elementor-element-15526b1 e-flex e-con-boxed e-con e-parent\" data-id=\"15526b1\" data-element_type=\"container\" data-e-type=\"container\">\n\t\t\t\t\t<div class=\"e-con-inner\">\n\t\t\t\t<div class=\"elementor-element elementor-element-cd05f37 elementor-widget elementor-widget-heading\" data-id=\"cd05f37\" data-element_type=\"widget\" data-e-type=\"widget\" data-widget_type=\"heading.default\">\n\t\t\t\t<div class=\"elementor-widget-container\">\n\t\t\t\t\t<h1 class=\"elementor-heading-title elementor-size-default\">CONDICIONES DE RESERVA<\/h1>\t\t\t\t<\/div>\n\t\t\t\t<\/div>\n\t\t\t\t<div class=\"elementor-element elementor-element-c756203 elementor-widget elementor-widget-text-editor\" data-id=\"c756203\" data-element_type=\"widget\" data-e-type=\"widget\" data-widget_type=\"text-editor.default\">\n\t\t\t\t<div class=\"elementor-widget-container\">\n\t\t\t\t\t\t\t\t\t<p><strong>En cumplimiento con la Ley 34\/2002, de 11 de julio, de Servicios de la Sociedad de la Informaci\u00f3n y del Comercio Electr\u00f3nico, los datos aqu\u00ed consignados corresponden a la entidad titular de esta Web con denominaci\u00f3n TUR\u00cdSTICA KONRAD, S.L., CIF B38333985 y con domicilio C\/ El Sauce N.\u00ba 1, Portal 1, URB. El Madro\u00f1al, Fa\u00f1ab\u00e9, 38660 Adeje &#8211; S\/C de Tenerife, Espa\u00f1a, tel\u00e9fono 922716926, fax 922791082.<\/strong><\/p><p>Las presentes condiciones de reserva regulan la gesti\u00f3n online de reservas de Caleta Suites (TUR\u00cdSTICA KONRAD, S.L.), titular de la Web<br \/><a href=\"https:\/\/caletasuitestenerife.com\/\">https:\/\/caletasuitestenerife.com\/<\/a>.<\/p><p>La reserva online con la empresa se regula en las presentes condiciones por lo que se presupone que el cliente conoce y acepta las mismas, al igual que nuestras Pol\u00edtica de Cookies, Aviso Legal y Pol\u00edtica de Privacidad.<\/p><p><span style=\"text-decoration: underline;\"><strong>Proceso de reservas<\/strong><\/span><\/p><p>Puede gestionar su reserva online a trav\u00e9s de nuestro motor de reservas, para ello, utilice el formulario al efecto. Una vez completado, seleccione la forma de pago. Deber\u00e1 aceptar la pol\u00edtica de privacidad y las presentes condiciones. Los datos facilitados para realizar la reserva deber\u00e1n ser veraces, exactos, actualizados y propios del usuario que desee realizar la reserva desde nuestra p\u00e1gina Web.<\/p><p><span style=\"text-decoration: underline;\"><strong>Precios, impuestos y ofertas<\/strong><\/span><\/p><p>Los preciso que aparecen en nuestra p\u00e1gina web son con impuestos incluidos.<\/p><p>El importe total de la reserva tendr\u00e1 que ser abonada con una <strong>antelaci\u00f3n m\u00ednima de 72 horas<\/strong> respeto a la fecha de ocupaci\u00f3n del apartamento reservado.<\/p><p>Para reservas realizadas con una <strong>tarifa NO REEMBOLSABLE, el importe total de la reserva deber\u00e1 abonarse de forma inmediata.<\/strong><\/p><p>Nuestras ofertas ser\u00e1n v\u00e1lidas durante el per\u00edodo que se fije en nuestra p\u00e1gina Web y\/o nuestro motor de reserva.<\/p><p><span style=\"text-decoration: underline;\"><strong>Fianza<\/strong><\/span><br \/>Ser\u00e1 necesario abonar una fianza de <strong>500 \u20ac<\/strong> (o <strong>1.000 \u20ac<\/strong> en el caso de los \u00e1ticos) mediante tarjeta de cr\u00e9dito, con al menos <strong>24 horas de antelaci\u00f3n<\/strong> a la fecha de llegada.<\/p><p>La fianza ser\u00e1 reembolsada en un plazo m\u00e1ximo de <strong>7 d\u00edas<\/strong> tras la salida del hu\u00e9sped, siempre que:<\/p><ol><li>El inmueble y sus enseres sean devueltos en las mismas buenas condiciones en las que fueron entregados al momento del check-in.<\/li><li>El apartamento se deje libre de basura y sin productos en la nevera. En caso contrario, se descontar\u00e1 de la fianza un importe de <strong>25 \u20ac<\/strong> por cada hora, o fracci\u00f3n de hora, necesaria para realizar las tareas correspondientes.<\/li><\/ol><p><span style=\"text-decoration: underline;\"><strong>Formas de pago<\/strong><\/span><\/p><p>Tarjeta de cr\u00e9dito\/d\u00e9bito.<\/p><p><span style=\"text-decoration: underline;\"><strong>Confirmaci\u00f3n de la reserva<\/strong><\/span><\/p><p>La reserva se har\u00e1 efectiva una vez recibido el 30% del importe total en concepto de dep\u00f3sito.<\/p><p>El 70% restante deber\u00e1 abonarse con una antelaci\u00f3n m\u00ednima de 72 horas antes de la fecha de inicio de la estancia.<\/p><p><strong>Para las reservas realizadas con una tarifa NO REEMBOLSABLE, el importe total de la reserva deber\u00e1 abonarse de forma inmediata.<\/strong><\/p><p>Una vez realizada la reserva, recibir\u00e1 un correo electr\u00f3nico a la cuenta de correo electr\u00f3nico facilitado en el formulario, donde se confirmar\u00e1 la misma. Solo en este caso la reserva podr\u00e1 considerarse confirmada.<\/p><p><span style=\"text-decoration: underline;\"><strong>Medios t\u00e9cnicos para identificar alg\u00fan error<\/strong><\/span><\/p><p>Si en el momento de realizar su reserva tuviese alg\u00fan error, puede dirigirse a nuestro correo electr\u00f3nico: <a href=\"mailto:monica@caletasuites.com\">monica@caletasuites.com<\/a>.<\/p><p><span style=\"text-decoration: underline;\"><strong>Cancelaciones<\/strong><\/span><\/p><p>Para proceder a la cancelaci\u00f3n de la reserva, cambio o ampliaci\u00f3n, o para resolver cualquier duda respecto a la misma, puede usted ponerse en contacto escribiendo al siguiente correo electr\u00f3nico: <a href=\"mailto:monica@caletasuites.com\">monica@caletasuites.com<\/a><\/p><p>Para cancelaciones realizadas al menos 30 d\u00edas antes de la fecha del inicio de la estancia: se le reembolsar\u00e1 integralmente el importe del dep\u00f3sito.<\/p><p>Para cancelaciones realizadas con m\u00e1s de 14 d\u00edas antes de la fecha del inicio de la estancia: se le retendr\u00e1 el 50% del importe abonado en concepto de dep\u00f3sito.<\/p><p><strong>Para cancelaciones realizadas con 14 o menos d\u00edas antes de la fecha del inicio de la estancia: se le retendr\u00e1 el 100% del importe abonado hasta ese momento.<\/strong><\/p><p>Las tarifas NO REEMBOLSABLES quedan excluidas de las condiciones anteriores.<\/p><p><span style=\"text-decoration: underline;\"><strong>Reclamaciones<\/strong><\/span><\/p><p>Podr\u00e1 realizar las reclamaciones que estime oportunas enviando un correo electr\u00f3nico a <a href=\"mailto:monica@caletasuites.com\">monica@caletasuites.com<\/a>.<\/p><p><span style=\"text-decoration: underline;\"><strong>Resoluci\u00f3n alternativa de litigios en materia de consumo<\/strong><\/span><\/p><p>Conforme al Art. 14.1 del Reglamento (UE) 524\/2013 y el Art. 13 de la Directiva 2013\/11\/UE, informamos de que aquellos comerciantes de la Uni\u00f3n Europea que celebren contratos de compraventa o de prestaci\u00f3n de servicio en l\u00ednea, realizados por medio de eCommerce o comercio electr\u00f3nico, deber\u00e1n ofrecer informaci\u00f3n de la existencia de la Plataforma para la resoluci\u00f3n de litigios en l\u00ednea. Dicha plataforma ofrece una ventanilla \u00fanica que permite a los consumidores y comerciantes de la Uni\u00f3n Europea resolver los litigios en el caso de las compras nacionales y transfronterizas.<\/p><p>Por ello, le informamos de que en el siguiente enlace puede acceder a la mencionada plataforma: <a href=\"http:\/\/ec.europa.eu\/consumers\/odr\/\">http:\/\/ec.europa.eu\/consumers\/odr\/<\/a> Asimismo, en el caso de que el consumidor quiera resolver un conflicto sin necesidad de acudir a dicha resoluci\u00f3n extrajudicial, puede realizarlo a trav\u00e9s de nuestro correo electr\u00f3nico <a href=\"mailto:monica@caletasuites.com\">monica@caletasuites.com<\/a>.<\/p><p><span style=\"text-decoration: underline;\"><strong>Ejercicio de derechos<\/strong><\/span><\/p><p>Ante cualquier incidencia que tenga respecto al tratamiento que realizamos de sus datos personales, usted puede ejercer los derechos de acceso, rectificaci\u00f3n, supresi\u00f3n y portabilidad de sus datos, y la limitaci\u00f3n u oposici\u00f3n a su tratamiento, en cualquier momento, por medio de escrito acompa\u00f1ado de documento oficial que le identifique, dirigido a Tur\u00edstica Konrad, S.L. (Caleta Suites)- C\/ El Sauce N.\u00ba 1, portal 1, Urb. El Madro\u00f1al, Fa\u00f1ab\u00e9, 38660 Adeje &#8211; S\/C de Tenerife, o por correo electr\u00f3nico DPO: <a href=\"mailto:lopd@caletasuites.com\">lopd@caletasuites.com<\/a>. En el caso de no haber obtenido satisfacci\u00f3n en el ejercicio de sus derechos, puede presentar reclamaci\u00f3n ante la Autoridad de Control. Puede usted ponerse en contacto con la Agencia Espa\u00f1ola de Protecci\u00f3n de Datos a trav\u00e9s de la web <a href=\"http:\/\/www.agpd.es\">www.agpd.es<\/a>.<\/p><p>M\u00e1s informaci\u00f3n sobre el ejercicio de derechos y Protecci\u00f3n de Datos en nuestra P\u00e1gina Web: <a href=\"https:\/\/caletasuites.com\/\">https:\/\/caletasuites.com\/<\/a>.<\/p><p><span style=\"text-decoration: underline;\"><strong>Modificaci\u00f3n de las presentes condiciones y duraci\u00f3n<\/strong><\/span><\/p><p>El titular de esta web podr\u00e1 modificar en cualquier momento las condiciones aqu\u00ed determinadas, siendo debidamente publicadas como aqu\u00ed aparecen, por sus propios criterios o motivado por la modificaci\u00f3n de legislaci\u00f3n aplicable. La vigencia de las citadas condiciones se aplicar\u00e1 hasta que sean modificadas por otras debidamente publicadas.<br \/>Legislaci\u00f3n y jurisdicci\u00f3n La legislaci\u00f3n aplicable al contenido del sitio web ser\u00e1 la espa\u00f1ola y la jurisdicci\u00f3n, la correspondiente a los Juzgados y Tribunales competentes en Santa Cruz de Tenerife.<\/p><p>\u00daltima modificaci\u00f3n: 08 de septiembre de 2025.<\/p>\t\t\t\t\t\t\t\t<\/div>\n\t\t\t\t<\/div>\n\t\t\t\t\t<\/div>\n\t\t\t\t<\/div>\n\t\t\t\t<\/div>\n\t\t","protected":false},"excerpt":{"rendered":"<p>CONDICIONES DE RESERVA En cumplimiento con la Ley 34\/2002, de 11 de julio, de Servicios de la Sociedad de la Informaci\u00f3n y del Comercio Electr\u00f3nico, los datos aqu\u00ed consignados corresponden a la entidad titular de esta Web con denominaci\u00f3n TUR\u00cdSTICA KONRAD, S.L., CIF B38333985 y con domicilio C\/ El Sauce N.\u00ba 1, Portal 1, URB. [&hellip;]<\/p>\n","protected":false},"author":3,"featured_media":0,"parent":0,"menu_order":0,"comment_status":"closed","ping_status":"closed","template":"","meta":{"footnotes":""},"class_list":["post-5376","page","type-page","status-publish","hentry"],"yoast_head":"<!-- This site is optimized with the Yoast SEO plugin v27.5 - https:\/\/yoast.com\/product\/yoast-seo-wordpress\/ -->\n<title>Condiciones de Reserva - Caleta Suites<\/title>\n<meta name=\"robots\" content=\"index, follow, max-snippet:-1, max-image-preview:large, max-video-preview:-1\" \/>\n<link rel=\"canonical\" href=\"https:\/\/caletasuitestenerife.com\/es\/condiciones-de-reserva\/\" \/>\n<meta property=\"og:locale\" content=\"es_ES\" \/>\n<meta property=\"og:type\" content=\"article\" \/>\n<meta property=\"og:title\" content=\"Condiciones de Reserva - Caleta Suites\" \/>\n<meta property=\"og:description\" content=\"CONDICIONES DE RESERVA En cumplimiento con la Ley 34\/2002, de 11 de julio, de Servicios de la Sociedad de la Informaci\u00f3n y del Comercio Electr\u00f3nico, los datos aqu\u00ed consignados corresponden a la entidad titular de esta Web con denominaci\u00f3n TUR\u00cdSTICA KONRAD, S.L., CIF B38333985 y con domicilio C\/ El Sauce N.\u00ba 1, Portal 1, URB. [&hellip;]\" \/>\n<meta property=\"og:url\" content=\"https:\/\/caletasuitestenerife.com\/es\/condiciones-de-reserva\/\" \/>\n<meta property=\"og:site_name\" content=\"Caleta Suites\" \/>\n<meta property=\"article:modified_time\" content=\"2025-09-08T15:47:03+00:00\" \/>\n<meta name=\"twitter:card\" content=\"summary_large_image\" \/>\n<meta name=\"twitter:label1\" content=\"Tiempo de lectura\" \/>\n\t<meta name=\"twitter:data1\" content=\"6 minutos\" \/>\n<script type=\"application\/ld+json\" class=\"yoast-schema-graph\">{\"@context\":\"https:\\\/\\\/schema.org\",\"@graph\":[{\"@type\":\"WebPage\",\"@id\":\"https:\\\/\\\/caletasuitestenerife.com\\\/es\\\/condiciones-de-reserva\\\/\",\"url\":\"https:\\\/\\\/caletasuitestenerife.com\\\/es\\\/condiciones-de-reserva\\\/\",\"name\":\"Condiciones de Reserva - Caleta Suites\",\"isPartOf\":{\"@id\":\"https:\\\/\\\/caletasuitestenerife.com\\\/#website\"},\"datePublished\":\"2025-03-19T00:27:41+00:00\",\"dateModified\":\"2025-09-08T15:47:03+00:00\",\"breadcrumb\":{\"@id\":\"https:\\\/\\\/caletasuitestenerife.com\\\/es\\\/condiciones-de-reserva\\\/#breadcrumb\"},\"inLanguage\":\"es\",\"potentialAction\":[{\"@type\":\"ReadAction\",\"target\":[\"https:\\\/\\\/caletasuitestenerife.com\\\/es\\\/condiciones-de-reserva\\\/\"]}]},{\"@type\":\"BreadcrumbList\",\"@id\":\"https:\\\/\\\/caletasuitestenerife.com\\\/es\\\/condiciones-de-reserva\\\/#breadcrumb\",\"itemListElement\":[{\"@type\":\"ListItem\",\"position\":1,\"name\":\"Portada\",\"item\":\"https:\\\/\\\/caletasuitestenerife.com\\\/es\\\/\"},{\"@type\":\"ListItem\",\"position\":2,\"name\":\"Condiciones de Reserva\"}]},{\"@type\":\"WebSite\",\"@id\":\"https:\\\/\\\/caletasuitestenerife.com\\\/#website\",\"url\":\"https:\\\/\\\/caletasuitestenerife.com\\\/\",\"name\":\"Caleta Suites\",\"description\":\"Apartamentos de Lujo\",\"potentialAction\":[{\"@type\":\"SearchAction\",\"target\":{\"@type\":\"EntryPoint\",\"urlTemplate\":\"https:\\\/\\\/caletasuitestenerife.com\\\/?s={search_term_string}\"},\"query-input\":{\"@type\":\"PropertyValueSpecification\",\"valueRequired\":true,\"valueName\":\"search_term_string\"}}],\"inLanguage\":\"es\"}]}<\/script>\n<!-- \/ Yoast SEO plugin. -->","yoast_head_json":{"title":"Condiciones de Reserva - Caleta Suites","robots":{"index":"index","follow":"follow","max-snippet":"max-snippet:-1","max-image-preview":"max-image-preview:large","max-video-preview":"max-video-preview:-1"},"canonical":"https:\/\/caletasuitestenerife.com\/es\/condiciones-de-reserva\/","og_locale":"es_ES","og_type":"article","og_title":"Condiciones de Reserva - Caleta Suites","og_description":"CONDICIONES DE RESERVA En cumplimiento con la Ley 34\/2002, de 11 de julio, de Servicios de la Sociedad de la Informaci\u00f3n y del Comercio Electr\u00f3nico, los datos aqu\u00ed consignados corresponden a la entidad titular de esta Web con denominaci\u00f3n TUR\u00cdSTICA KONRAD, S.L., CIF B38333985 y con domicilio C\/ El Sauce N.\u00ba 1, Portal 1, URB. [&hellip;]","og_url":"https:\/\/caletasuitestenerife.com\/es\/condiciones-de-reserva\/","og_site_name":"Caleta Suites","article_modified_time":"2025-09-08T15:47:03+00:00","twitter_card":"summary_large_image","twitter_misc":{"Tiempo de lectura":"6 minutos"},"schema":{"@context":"https:\/\/schema.org","@graph":[{"@type":"WebPage","@id":"https:\/\/caletasuitestenerife.com\/es\/condiciones-de-reserva\/","url":"https:\/\/caletasuitestenerife.com\/es\/condiciones-de-reserva\/","name":"Condiciones de Reserva - Caleta Suites","isPartOf":{"@id":"https:\/\/caletasuitestenerife.com\/#website"},"datePublished":"2025-03-19T00:27:41+00:00","dateModified":"2025-09-08T15:47:03+00:00","breadcrumb":{"@id":"https:\/\/caletasuitestenerife.com\/es\/condiciones-de-reserva\/#breadcrumb"},"inLanguage":"es","potentialAction":[{"@type":"ReadAction","target":["https:\/\/caletasuitestenerife.com\/es\/condiciones-de-reserva\/"]}]},{"@type":"BreadcrumbList","@id":"https:\/\/caletasuitestenerife.com\/es\/condiciones-de-reserva\/#breadcrumb","itemListElement":[{"@type":"ListItem","position":1,"name":"Portada","item":"https:\/\/caletasuitestenerife.com\/es\/"},{"@type":"ListItem","position":2,"name":"Condiciones de Reserva"}]},{"@type":"WebSite","@id":"https:\/\/caletasuitestenerife.com\/#website","url":"https:\/\/caletasuitestenerife.com\/","name":"Caleta Suites","description":"Apartamentos de Lujo","potentialAction":[{"@type":"SearchAction","target":{"@type":"EntryPoint","urlTemplate":"https:\/\/caletasuitestenerife.com\/?s={search_term_string}"},"query-input":{"@type":"PropertyValueSpecification","valueRequired":true,"valueName":"search_term_string"}}],"inLanguage":"es"}]}},"_links":{"self":[{"href":"https:\/\/caletasuitestenerife.com\/es\/wp-json\/wp\/v2\/pages\/5376","targetHints":{"allow":["GET"]}}],"collection":[{"href":"https:\/\/caletasuitestenerife.com\/es\/wp-json\/wp\/v2\/pages"}],"about":[{"href":"https:\/\/caletasuitestenerife.com\/es\/wp-json\/wp\/v2\/types\/page"}],"author":[{"embeddable":true,"href":"https:\/\/caletasuitestenerife.com\/es\/wp-json\/wp\/v2\/users\/3"}],"replies":[{"embeddable":true,"href":"https:\/\/caletasuitestenerife.com\/es\/wp-json\/wp\/v2\/comments?post=5376"}],"version-history":[{"count":13,"href":"https:\/\/caletasuitestenerife.com\/es\/wp-json\/wp\/v2\/pages\/5376\/revisions"}],"predecessor-version":[{"id":5703,"href":"https:\/\/caletasuitestenerife.com\/es\/wp-json\/wp\/v2\/pages\/5376\/revisions\/5703"}],"wp:attachment":[{"href":"https:\/\/caletasuitestenerife.com\/es\/wp-json\/wp\/v2\/media?parent=5376"}],"curies":[{"name":"wp","href":"https:\/\/api.w.org\/{rel}","templated":true}]}}